{"id":2032,"date":"2021-09-11T11:11:27","date_gmt":"2021-09-11T11:11:27","guid":{"rendered":"https:\/\/nokke.deothemes.com\/?page_id=34"},"modified":"2022-05-29T18:32:10","modified_gmt":"2022-05-29T18:32:10","slug":"services","status":"publish","type":"page","link":"https:\/\/www.spinnrock.fi\/index.php\/services\/","title":{"rendered":"Services"},"content":{"rendered":"\t\t<div data-elementor-type=\"wp-page\" data-elementor-id=\"2032\" class=\"elementor elementor-2032\">\n\t\t\t\t\t\t\t\t\t<section class=\"elementor-section elementor-top-section elementor-element elementor-element-8859fc8 elementor-section-boxed elementor-section-height-default elementor-section-height-default\" data-id=\"8859fc8\" data-element_type=\"section\">\n\t\t\t\t\t\t<div class=\"elementor-container elementor-column-gap-default\">\n\t\t\t\t\t<div class=\"elementor-column elementor-col-100 elementor-top-column elementor-element elementor-element-f4aca62\" data-id=\"f4aca62\" data-element_type=\"column\">\n\t\t\t<div class=\"elementor-widget-wrap elementor-element-populated\">\n\t\t\t\t\t\t\t\t<div class=\"elementor-element elementor-element-c58e6b8 elementor-widget elementor-widget-spacer\" data-id=\"c58e6b8\" data-element_type=\"widget\" data-widget_type=\"spacer.default\">\n\t\t\t\t<div class=\"elementor-widget-container\">\n\t\t\t<style>\/*! elementor - v3.6.5 - 27-04-2022 *\/\n.e-container.e-container--row .elementor-spacer-inner{width:var(--spacer-size)}.e-container.e-container--column .elementor-spacer-inner,.elementor-column .elementor-spacer-inner{height:var(--spacer-size)}<\/style>\t\t<div class=\"elementor-spacer\">\n\t\t\t<div class=\"elementor-spacer-inner\"><\/div>\n\t\t<\/div>\n\t\t\t\t<\/div>\n\t\t\t\t<\/div>\n\t\t\t\t<div class=\"elementor-element elementor-element-8c712d2 elementor-widget elementor-widget-heading\" data-id=\"8c712d2\" data-element_type=\"widget\" data-widget_type=\"heading.default\">\n\t\t\t\t<div class=\"elementor-widget-container\">\n\t\t\t<style>\/*! elementor - v3.6.5 - 27-04-2022 *\/\n.elementor-heading-title{padding:0;margin:0;line-height:1}.elementor-widget-heading .elementor-heading-title[class*=elementor-size-]>a{color:inherit;font-size:inherit;line-height:inherit}.elementor-widget-heading .elementor-heading-title.elementor-size-small{font-size:15px}.elementor-widget-heading .elementor-heading-title.elementor-size-medium{font-size:19px}.elementor-widget-heading .elementor-heading-title.elementor-size-large{font-size:29px}.elementor-widget-heading .elementor-heading-title.elementor-size-xl{font-size:39px}.elementor-widget-heading .elementor-heading-title.elementor-size-xxl{font-size:59px}<\/style><h2 class=\"elementor-heading-title elementor-size-large\">PALVELUT<\/h2>\t\t<\/div>\n\t\t\t\t<\/div>\n\t\t\t\t<div class=\"elementor-element elementor-element-911dbf7 elementor-widget elementor-widget-spacer\" data-id=\"911dbf7\" data-element_type=\"widget\" data-widget_type=\"spacer.default\">\n\t\t\t\t<div class=\"elementor-widget-container\">\n\t\t\t\t\t<div class=\"elementor-spacer\">\n\t\t\t<div class=\"elementor-spacer-inner\"><\/div>\n\t\t<\/div>\n\t\t\t\t<\/div>\n\t\t\t\t<\/div>\n\t\t\t\t<section class=\"elementor-section elementor-inner-section elementor-element elementor-element-219aeab elementor-section-boxed elementor-section-height-default elementor-section-height-default\" data-id=\"219aeab\" data-element_type=\"section\">\n\t\t\t\t\t\t<div class=\"elementor-container elementor-column-gap-default\">\n\t\t\t\t\t<div class=\"elementor-column elementor-col-50 elementor-inner-column elementor-element elementor-element-1bcd519\" data-id=\"1bcd519\" data-element_type=\"column\">\n\t\t\t<div class=\"elementor-widget-wrap elementor-element-populated\">\n\t\t\t\t\t\t\t\t<div class=\"elementor-element elementor-element-ccd464a elementor-widget elementor-widget-heading\" data-id=\"ccd464a\" data-element_type=\"widget\" data-widget_type=\"heading.default\">\n\t\t\t\t<div class=\"elementor-widget-container\">\n\t\t\t<h2 class=\"elementor-heading-title elementor-size-medium\">Luomme kilpailuetua muotoilemalla asiakasl\u00e4ht\u00f6isi\u00e4 strategioita.<\/h2>\t\t<\/div>\n\t\t\t\t<\/div>\n\t\t\t\t\t<\/div>\n\t\t<\/div>\n\t\t\t\t<div class=\"elementor-column elementor-col-50 elementor-inner-column elementor-element elementor-element-80e3f77\" data-id=\"80e3f77\" data-element_type=\"column\">\n\t\t\t<div class=\"elementor-widget-wrap elementor-element-populated\">\n\t\t\t\t\t\t\t\t<div class=\"elementor-element elementor-element-f619db7 elementor-widget elementor-widget-text-editor\" data-id=\"f619db7\" data-element_type=\"widget\" data-widget_type=\"text-editor.default\">\n\t\t\t\t<div class=\"elementor-widget-container\">\n\t\t\t<style>\/*! elementor - v3.6.5 - 27-04-2022 *\/\n.elementor-widget-text-editor.elementor-drop-cap-view-stacked .elementor-drop-cap{background-color:#818a91;color:#fff}.elementor-widget-text-editor.elementor-drop-cap-view-framed .elementor-drop-cap{color:#818a91;border:3px solid;background-color:transparent}.elementor-widget-text-editor:not(.elementor-drop-cap-view-default) .elementor-drop-cap{margin-top:8px}.elementor-widget-text-editor:not(.elementor-drop-cap-view-default) .elementor-drop-cap-letter{width:1em;height:1em}.elementor-widget-text-editor .elementor-drop-cap{float:left;text-align:center;line-height:1;font-size:50px}.elementor-widget-text-editor .elementor-drop-cap-letter{display:inline-block}<\/style>\t\t\t\t<p>Autamme yrityst\u00e4si erottautumaan markkinoilla. Perustamme tavoitteet tutkittuun tietoon ja niiden toteuttamisen osaamisen kehitt\u00e4miseen. Olemme erikoistuneet kilpailu- ja asiakaskokemusstrategioiden muotoiluun.<\/p>\t\t\t\t\t\t<\/div>\n\t\t\t\t<\/div>\n\t\t\t\t\t<\/div>\n\t\t<\/div>\n\t\t\t\t\t\t\t<\/div>\n\t\t<\/section>\n\t\t\t\t<div class=\"elementor-element elementor-element-a571655 elementor-widget elementor-widget-spacer\" data-id=\"a571655\" data-element_type=\"widget\" data-widget_type=\"spacer.default\">\n\t\t\t\t<div class=\"elementor-widget-container\">\n\t\t\t\t\t<div class=\"elementor-spacer\">\n\t\t\t<div class=\"elementor-spacer-inner\"><\/div>\n\t\t<\/div>\n\t\t\t\t<\/div>\n\t\t\t\t<\/div>\n\t\t\t\t\t<\/div>\n\t\t<\/div>\n\t\t\t\t\t\t\t<\/div>\n\t\t<\/section>\n\t\t\t\t<section class=\"elementor-section elementor-top-section elementor-element elementor-element-e5649b5 elementor-section-full_width elementor-section-height-default elementor-section-height-default\" data-id=\"e5649b5\" data-element_type=\"section\">\n\t\t\t\t\t\t<div class=\"elementor-container elementor-column-gap-default\">\n\t\t\t\t\t<div class=\"elementor-column elementor-col-100 elementor-top-column elementor-element elementor-element-ff5ce46\" data-id=\"ff5ce46\" data-element_type=\"column\" data-settings=\"{&quot;background_background&quot;:&quot;classic&quot;}\">\n\t\t\t<div class=\"elementor-widget-wrap elementor-element-populated\">\n\t\t\t\t\t<div class=\"elementor-background-overlay\"><\/div>\n\t\t\t\t\t\t\t\t<div class=\"elementor-element elementor-element-37a3b05 elementor-widget elementor-widget-spacer\" data-id=\"37a3b05\" data-element_type=\"widget\" data-widget_type=\"spacer.default\">\n\t\t\t\t<div class=\"elementor-widget-container\">\n\t\t\t\t\t<div class=\"elementor-spacer\">\n\t\t\t<div class=\"elementor-spacer-inner\"><\/div>\n\t\t<\/div>\n\t\t\t\t<\/div>\n\t\t\t\t<\/div>\n\t\t\t\t\t<\/div>\n\t\t<\/div>\n\t\t\t\t\t\t\t<\/div>\n\t\t<\/section>\n\t\t\t\t<section class=\"elementor-section elementor-top-section elementor-element elementor-element-333d43b elementor-section-full_width elementor-section-height-default elementor-section-height-default\" data-id=\"333d43b\" data-element_type=\"section\">\n\t\t\t\t\t\t<div class=\"elementor-container elementor-column-gap-default\">\n\t\t\t\t\t<div class=\"elementor-column elementor-col-100 elementor-top-column elementor-element elementor-element-2a80c20\" data-id=\"2a80c20\" data-element_type=\"column\" data-settings=\"{&quot;background_background&quot;:&quot;classic&quot;}\">\n\t\t\t<div class=\"elementor-widget-wrap elementor-element-populated\">\n\t\t\t\t\t\t\t\t<section class=\"elementor-section elementor-inner-section elementor-element elementor-element-bc4b194 elementor-section-boxed elementor-section-height-default elementor-section-height-default\" data-id=\"bc4b194\" data-element_type=\"section\">\n\t\t\t\t\t\t<div class=\"elementor-container elementor-column-gap-default\">\n\t\t\t\t\t<div class=\"elementor-column elementor-col-33 elementor-inner-column elementor-element elementor-element-cfd4b2b\" data-id=\"cfd4b2b\" data-element_type=\"column\" data-settings=\"{&quot;background_background&quot;:&quot;classic&quot;}\">\n\t\t\t<div class=\"elementor-widget-wrap elementor-element-populated\">\n\t\t\t\t\t<div class=\"elementor-background-overlay\"><\/div>\n\t\t\t\t\t\t\t\t<div class=\"elementor-element elementor-element-578c9ff elementor-widget elementor-widget-heading\" data-id=\"578c9ff\" data-element_type=\"widget\" data-widget_type=\"heading.default\">\n\t\t\t\t<div class=\"elementor-widget-container\">\n\t\t\t<h2 class=\"elementor-heading-title elementor-size-default\">TUTKI<\/h2>\t\t<\/div>\n\t\t\t\t<\/div>\n\t\t\t\t<div class=\"elementor-element elementor-element-879bccb elementor-widget elementor-widget-text-editor\" data-id=\"879bccb\" data-element_type=\"widget\" data-widget_type=\"text-editor.default\">\n\t\t\t\t<div class=\"elementor-widget-container\">\n\t\t\t\t\t\t\t<p>Kasvatamme ymm\u00e4rryst\u00e4nne liiketoimintanne mahdollisuuksista tutkimalla mm. asiakkaita, kilpailijoita, liiketoimintaa, henkil\u00f6st\u00f6\u00e4, markkinoita ja kumppaneita.<\/p><p>Tutkimusmenetelm\u00e4mme ovat <strong>ketteri\u00e4 ja kustannustehokkaita<\/strong>. Keskitymme tutkimuksissa liiketoiminnallista arvoa palveleviin ydinkysymyksiin ja hy\u00f6dynn\u00e4mme dataa ja automaatiota tulosten analysoinnissa.<\/p><p>\u2013 Asiakastutkimukset<br \/>\u2013 Kilpailija- ja markkina-analyysit<br \/>\u2013 Yritys- ja henkil\u00f6st\u00f6tutkimukset<br \/>\u2013\u00a0Asiakaskohderyhm\u00e4t<br \/>\u2013 Asiakas- ja ty\u00f6ntekij\u00e4kokemus<br \/>\u2013 Osaamisp\u00e4\u00e4oma<br \/>\u2013 Asiakaspolut<br \/>\u2013 Auditoinnit<br \/>\u2013 Valmentaminen<\/p>\t\t\t\t\t\t<\/div>\n\t\t\t\t<\/div>\n\t\t\t\t\t<\/div>\n\t\t<\/div>\n\t\t\t\t<div class=\"elementor-column elementor-col-33 elementor-inner-column elementor-element elementor-element-7778a76\" data-id=\"7778a76\" data-element_type=\"column\" data-settings=\"{&quot;background_background&quot;:&quot;classic&quot;}\">\n\t\t\t<div class=\"elementor-widget-wrap elementor-element-populated\">\n\t\t\t\t\t\t\t\t<div class=\"elementor-element elementor-element-77bd280 elementor-widget elementor-widget-heading\" data-id=\"77bd280\" data-element_type=\"widget\" data-widget_type=\"heading.default\">\n\t\t\t\t<div class=\"elementor-widget-container\">\n\t\t\t<h2 class=\"elementor-heading-title elementor-size-default\">TAVOITTELE<\/h2>\t\t<\/div>\n\t\t\t\t<\/div>\n\t\t\t\t<div class=\"elementor-element elementor-element-2efd48d elementor-widget elementor-widget-text-editor\" data-id=\"2efd48d\" data-element_type=\"widget\" data-widget_type=\"text-editor.default\">\n\t\t\t\t<div class=\"elementor-widget-container\">\n\t\t\t\t\t\t\t<p>Muotoilemme toimintaan ohjaavan strategian, tiekartan, ratkaisut ja mittarit sek\u00e4 tunnistamme tarvittavat kyvykkyydet ja osaamiset strategiasi toteuttamiseksi.<\/p><p>Otamme strategiaty\u00f6n aikana yrityksess\u00e4si k\u00e4ytt\u00f6\u00f6n toimintamallin ja ty\u00f6kalut, joiden avulla siirryt pistem\u00e4isest\u00e4 strategian kehitt\u00e4misest\u00e4 <strong>jatkuvan kehitt\u00e4misen toimintamalliin<\/strong> kilpailukykynne yll\u00e4pit\u00e4miseksi.<\/p><p>\u2013 Kilpailustrategiat<br \/>\u2013 Asiakaskokemusstrategiat<br \/>\u2013 Osaamisstrategiat<br \/>\u2013 Digistrategiat<br \/>\u2013 Ty\u00f6ntekij\u00e4kokemus<br \/>\u2013 Johtamisen ja kehitt\u00e4misen k\u00e4yt\u00e4nn\u00f6t<br \/>\u2013 Palvelumuotoilu<br \/>\u2013 Valmentaminen<\/p>\t\t\t\t\t\t<\/div>\n\t\t\t\t<\/div>\n\t\t\t\t\t<\/div>\n\t\t<\/div>\n\t\t\t\t<div class=\"elementor-column elementor-col-33 elementor-inner-column elementor-element elementor-element-af55f3b\" data-id=\"af55f3b\" data-element_type=\"column\" data-settings=\"{&quot;background_background&quot;:&quot;classic&quot;}\">\n\t\t\t<div class=\"elementor-widget-wrap elementor-element-populated\">\n\t\t\t\t\t\t\t\t<div class=\"elementor-element elementor-element-18ad31e elementor-widget elementor-widget-heading\" data-id=\"18ad31e\" data-element_type=\"widget\" data-widget_type=\"heading.default\">\n\t\t\t\t<div class=\"elementor-widget-container\">\n\t\t\t<h2 class=\"elementor-heading-title elementor-size-default\">TOIMI<\/h2>\t\t<\/div>\n\t\t\t\t<\/div>\n\t\t\t\t<div class=\"elementor-element elementor-element-47b4d43 elementor-widget elementor-widget-text-editor\" data-id=\"47b4d43\" data-element_type=\"widget\" data-widget_type=\"text-editor.default\">\n\t\t\t\t<div class=\"elementor-widget-container\">\n\t\t\t\t\t\t\t<p>Johdamme strategian mukaiset ratkaisut arkeenne suunnitelmallisella ja ihmisl\u00e4heisell\u00e4 muutosjohtamisella.<\/p>\n<p>Tarjoamme my\u00f6s k\u00e4ytt\u00f6\u00f6si <b>digitaaliset alustat, <\/b>joiden avulla toteutat strategisia tavoitteita yritys-, tiimi- ja yksil\u00f6tasolla ja varmistat strategian mukaisen <b>osaamisen jatkuvan kehittymisen.<\/b><\/p>\n<p>\u2013 Muutosohjelmat<br>\u2013 Muutosjohtaminen<br>\u2013 Pilotoinnit<br>\u2013 K\u00e4ytt\u00f6\u00f6notot<br>\u2013 Digitaaliset oppimisymp\u00e4rist\u00f6t<br>\u2013 Digitaaliset tavoitejohtamisen ja osaamisen kehitt\u00e4misen alustat<br>\u2013 Projekti- ja hankejohtaminen<br>\u2013 Valmentaminen<\/p>\t\t\t\t\t\t<\/div>\n\t\t\t\t<\/div>\n\t\t\t\t\t<\/div>\n\t\t<\/div>\n\t\t\t\t\t\t\t<\/div>\n\t\t<\/section>\n\t\t\t\t<div class=\"elementor-element elementor-element-e806fa4 elementor-widget elementor-widget-spacer\" data-id=\"e806fa4\" data-element_type=\"widget\" data-widget_type=\"spacer.default\">\n\t\t\t\t<div class=\"elementor-widget-container\">\n\t\t\t\t\t<div class=\"elementor-spacer\">\n\t\t\t<div class=\"elementor-spacer-inner\"><\/div>\n\t\t<\/div>\n\t\t\t\t<\/div>\n\t\t\t\t<\/div>\n\t\t\t\t<div class=\"elementor-element elementor-element-83753d4 elementor-align-center elementor-widget elementor-widget-button\" data-id=\"83753d4\" data-element_type=\"widget\" data-widget_type=\"button.default\">\n\t\t\t\t<div class=\"elementor-widget-container\">\n\t\t\t\t\t<div class=\"elementor-button-wrapper\">\n\t\t\t<a href=\"https:\/\/www.spinnrock.fi\/index.php\/contact\" class=\"elementor-button-link elementor-button elementor-size-md\" role=\"button\">\n\t\t\t\t\t\t<span class=\"elementor-button-content-wrapper\">\n\t\t\t\t\t\t<span class=\"elementor-button-text\">Ota meihin yhteytt\u00e4<\/span>\n\t\t<\/span>\n\t\t\t\t\t<\/a>\n\t\t<\/div>\n\t\t\t\t<\/div>\n\t\t\t\t<\/div>\n\t\t\t\t<div class=\"elementor-element elementor-element-e320a11 elementor-widget elementor-widget-spacer\" data-id=\"e320a11\" data-element_type=\"widget\" data-widget_type=\"spacer.default\">\n\t\t\t\t<div class=\"elementor-widget-container\">\n\t\t\t\t\t<div class=\"elementor-spacer\">\n\t\t\t<div class=\"elementor-spacer-inner\"><\/div>\n\t\t<\/div>\n\t\t\t\t<\/div>\n\t\t\t\t<\/div>\n\t\t\t\t\t<\/div>\n\t\t<\/div>\n\t\t\t\t\t\t\t<\/div>\n\t\t<\/section>\n\t\t\t\t<section class=\"elementor-section elementor-top-section elementor-element elementor-element-12f18e6 elementor-section-boxed elementor-section-height-default elementor-section-height-default\" data-id=\"12f18e6\" data-element_type=\"section\">\n\t\t\t\t\t\t<div class=\"elementor-container elementor-column-gap-default\">\n\t\t\t\t\t<div class=\"elementor-column elementor-col-100 elementor-top-column elementor-element elementor-element-37d8b86\" data-id=\"37d8b86\" data-element_type=\"column\">\n\t\t\t<div class=\"elementor-widget-wrap elementor-element-populated\">\n\t\t\t\t\t\t\t\t<div class=\"elementor-element elementor-element-8646534 elementor-widget elementor-widget-spacer\" data-id=\"8646534\" data-element_type=\"widget\" data-widget_type=\"spacer.default\">\n\t\t\t\t<div class=\"elementor-widget-container\">\n\t\t\t\t\t<div class=\"elementor-spacer\">\n\t\t\t<div class=\"elementor-spacer-inner\"><\/div>\n\t\t<\/div>\n\t\t\t\t<\/div>\n\t\t\t\t<\/div>\n\t\t\t\t\t<\/div>\n\t\t<\/div>\n\t\t\t\t\t\t\t<\/div>\n\t\t<\/section>\n\t\t\t\t<section class=\"elementor-section elementor-top-section elementor-element elementor-element-4c84ee5 elementor-section-full_width elementor-section-height-default elementor-section-height-default\" data-id=\"4c84ee5\" data-element_type=\"section\">\n\t\t\t\t\t\t<div class=\"elementor-container elementor-column-gap-default\">\n\t\t\t\t\t<div class=\"elementor-column elementor-col-100 elementor-top-column elementor-element elementor-element-e145b1c\" data-id=\"e145b1c\" data-element_type=\"column\">\n\t\t\t<div class=\"elementor-widget-wrap elementor-element-populated\">\n\t\t\t\t\t\t\t\t<div class=\"elementor-element elementor-element-db1bf8e elementor-widget elementor-widget-spacer\" data-id=\"db1bf8e\" data-element_type=\"widget\" data-widget_type=\"spacer.default\">\n\t\t\t\t<div class=\"elementor-widget-container\">\n\t\t\t\t\t<div class=\"elementor-spacer\">\n\t\t\t<div class=\"elementor-spacer-inner\"><\/div>\n\t\t<\/div>\n\t\t\t\t<\/div>\n\t\t\t\t<\/div>\n\t\t\t\t\t<\/div>\n\t\t<\/div>\n\t\t\t\t\t\t\t<\/div>\n\t\t<\/section>\n\t\t\t\t\t\t\t<\/div>\n\t\t","protected":false},"excerpt":{"rendered":"<p>PALVELUT Luomme kilpailuetua muotoilemalla asiakasl\u00e4ht\u00f6isi\u00e4 strategioita. Autamme yrityst\u00e4si erottautumaan markkinoilla. Perustamme tavoitteet tutkittuun tietoon ja niiden toteuttamisen osaamisen kehitt\u00e4miseen. Olemme erikoistuneet kilpailu- ja asiakaskokemusstrategioiden muotoiluun. TUTKI Kasvatamme ymm\u00e4rryst\u00e4nne liiketoimintanne mahdollisuuksista tutkimalla mm. asiakkaita, kilpailijoita, liiketoimintaa, henkil\u00f6st\u00f6\u00e4, markkinoita ja kumppaneita. Tutkimusmenetelm\u00e4mme ovat ketteri\u00e4 ja kustannustehokkaita. Keskitymme tutkimuksissa liiketoiminnallista arvoa palveleviin ydinkysymyksiin ja hy\u00f6dynn\u00e4mme dataa ja automaatiota [&hellip;]<\/p>\n","protected":false},"author":1,"featured_media":0,"parent":0,"menu_order":0,"comment_status":"closed","ping_status":"closed","template":"","meta":[],"_links":{"self":[{"href":"https:\/\/www.spinnrock.fi\/index.php\/wp-json\/wp\/v2\/pages\/2032"}],"collection":[{"href":"https:\/\/www.spinnrock.fi\/index.php\/wp-json\/wp\/v2\/pages"}],"about":[{"href":"https:\/\/www.spinnrock.fi\/index.php\/wp-json\/wp\/v2\/types\/page"}],"author":[{"embeddable":true,"href":"https:\/\/www.spinnrock.fi\/index.php\/wp-json\/wp\/v2\/users\/1"}],"replies":[{"embeddable":true,"href":"https:\/\/www.spinnrock.fi\/index.php\/wp-json\/wp\/v2\/comments?post=2032"}],"version-history":[{"count":98,"href":"https:\/\/www.spinnrock.fi\/index.php\/wp-json\/wp\/v2\/pages\/2032\/revisions"}],"predecessor-version":[{"id":3591,"href":"https:\/\/www.spinnrock.fi\/index.php\/wp-json\/wp\/v2\/pages\/2032\/revisions\/3591"}],"wp:attachment":[{"href":"https:\/\/www.spinnrock.fi\/index.php\/wp-json\/wp\/v2\/media?parent=2032"}],"curies":[{"name":"wp","href":"https:\/\/api.w.org\/{rel}","templated":true}]}}