{"id":2033,"date":"2021-09-11T11:11:56","date_gmt":"2021-09-11T11:11:56","guid":{"rendered":"https:\/\/nokke.deothemes.com\/?page_id=38"},"modified":"2022-05-30T18:50:55","modified_gmt":"2022-05-30T18:50:55","slug":"about","status":"publish","type":"page","link":"https:\/\/www.spinnrock.fi\/index.php\/about\/","title":{"rendered":"About"},"content":{"rendered":"\t\t<div data-elementor-type=\"wp-page\" data-elementor-id=\"2033\" class=\"elementor elementor-2033\">\n\t\t\t\t\t\t\t\t\t<section class=\"elementor-section elementor-top-section elementor-element elementor-element-3752f83 elementor-section-boxed elementor-section-height-default elementor-section-height-default\" data-id=\"3752f83\" data-element_type=\"section\">\n\t\t\t\t\t\t<div class=\"elementor-container elementor-column-gap-default\">\n\t\t\t\t\t<div class=\"elementor-column elementor-col-100 elementor-top-column elementor-element elementor-element-4e5ec7b\" data-id=\"4e5ec7b\" data-element_type=\"column\">\n\t\t\t<div class=\"elementor-widget-wrap elementor-element-populated\">\n\t\t\t\t\t\t\t\t<div class=\"elementor-element elementor-element-0ef5e2e elementor-widget elementor-widget-spacer\" data-id=\"0ef5e2e\" data-element_type=\"widget\" data-widget_type=\"spacer.default\">\n\t\t\t\t<div class=\"elementor-widget-container\">\n\t\t\t<style>\/*! elementor - v3.6.5 - 27-04-2022 *\/\n.e-container.e-container--row .elementor-spacer-inner{width:var(--spacer-size)}.e-container.e-container--column .elementor-spacer-inner,.elementor-column .elementor-spacer-inner{height:var(--spacer-size)}<\/style>\t\t<div class=\"elementor-spacer\">\n\t\t\t<div class=\"elementor-spacer-inner\"><\/div>\n\t\t<\/div>\n\t\t\t\t<\/div>\n\t\t\t\t<\/div>\n\t\t\t\t\t<\/div>\n\t\t<\/div>\n\t\t\t\t\t\t\t<\/div>\n\t\t<\/section>\n\t\t\t\t<section class=\"elementor-section elementor-top-section elementor-element elementor-element-947f9a2 elementor-section-boxed elementor-section-height-default elementor-section-height-default\" data-id=\"947f9a2\" data-element_type=\"section\">\n\t\t\t\t\t\t<div class=\"elementor-container elementor-column-gap-default\">\n\t\t\t\t\t<div class=\"elementor-column elementor-col-100 elementor-top-column elementor-element elementor-element-93747fb\" data-id=\"93747fb\" data-element_type=\"column\">\n\t\t\t<div class=\"elementor-widget-wrap elementor-element-populated\">\n\t\t\t\t\t\t\t\t<div class=\"elementor-element elementor-element-ef115fd elementor-widget elementor-widget-heading\" data-id=\"ef115fd\" data-element_type=\"widget\" data-widget_type=\"heading.default\">\n\t\t\t\t<div class=\"elementor-widget-container\">\n\t\t\t<style>\/*! elementor - v3.6.5 - 27-04-2022 *\/\n.elementor-heading-title{padding:0;margin:0;line-height:1}.elementor-widget-heading .elementor-heading-title[class*=elementor-size-]>a{color:inherit;font-size:inherit;line-height:inherit}.elementor-widget-heading .elementor-heading-title.elementor-size-small{font-size:15px}.elementor-widget-heading .elementor-heading-title.elementor-size-medium{font-size:19px}.elementor-widget-heading .elementor-heading-title.elementor-size-large{font-size:29px}.elementor-widget-heading .elementor-heading-title.elementor-size-xl{font-size:39px}.elementor-widget-heading .elementor-heading-title.elementor-size-xxl{font-size:59px}<\/style><h2 class=\"elementor-heading-title elementor-size-default\">TEKIJ\u00c4T<\/h2>\t\t<\/div>\n\t\t\t\t<\/div>\n\t\t\t\t<div class=\"elementor-element elementor-element-9e732dc elementor-widget elementor-widget-spacer\" data-id=\"9e732dc\" data-element_type=\"widget\" data-widget_type=\"spacer.default\">\n\t\t\t\t<div class=\"elementor-widget-container\">\n\t\t\t\t\t<div class=\"elementor-spacer\">\n\t\t\t<div class=\"elementor-spacer-inner\"><\/div>\n\t\t<\/div>\n\t\t\t\t<\/div>\n\t\t\t\t<\/div>\n\t\t\t\t\t<\/div>\n\t\t<\/div>\n\t\t\t\t\t\t\t<\/div>\n\t\t<\/section>\n\t\t\t\t<section class=\"elementor-section elementor-top-section elementor-element elementor-element-4e906ec elementor-section-boxed elementor-section-height-default elementor-section-height-default\" data-id=\"4e906ec\" data-element_type=\"section\">\n\t\t\t\t\t\t<div class=\"elementor-container elementor-column-gap-default\">\n\t\t\t\t\t<div class=\"elementor-column elementor-col-100 elementor-top-column elementor-element elementor-element-a475bf3\" data-id=\"a475bf3\" data-element_type=\"column\">\n\t\t\t<div class=\"elementor-widget-wrap elementor-element-populated\">\n\t\t\t\t\t\t\t\t<section class=\"elementor-section elementor-inner-section elementor-element elementor-element-314ebfb elementor-section-boxed elementor-section-height-default elementor-section-height-default\" data-id=\"314ebfb\" data-element_type=\"section\">\n\t\t\t\t\t\t<div class=\"elementor-container elementor-column-gap-default\">\n\t\t\t\t\t<div class=\"elementor-column elementor-col-50 elementor-inner-column elementor-element elementor-element-df3a3be\" data-id=\"df3a3be\" data-element_type=\"column\">\n\t\t\t<div class=\"elementor-widget-wrap elementor-element-populated\">\n\t\t\t\t\t\t\t\t<div class=\"elementor-element elementor-element-c96a7b9 elementor-widget elementor-widget-image\" data-id=\"c96a7b9\" data-element_type=\"widget\" data-widget_type=\"image.default\">\n\t\t\t\t<div class=\"elementor-widget-container\">\n\t\t\t<style>\/*! elementor - v3.6.5 - 27-04-2022 *\/\n.elementor-widget-image{text-align:center}.elementor-widget-image a{display:inline-block}.elementor-widget-image a img[src$=\".svg\"]{width:48px}.elementor-widget-image img{vertical-align:middle;display:inline-block}<\/style>\t\t\t\t\t\t\t\t\t\t\t\t<img width=\"300\" height=\"300\" src=\"https:\/\/www.spinnrock.fi\/wp-content\/uploads\/2022\/05\/PIC-Sylvia-Vaananen_uusi-300x300.jpg\" class=\"attachment-medium size-medium\" alt=\"\" loading=\"lazy\" srcset=\"https:\/\/www.spinnrock.fi\/wp-content\/uploads\/2022\/05\/PIC-Sylvia-Vaananen_uusi-300x300.jpg 300w, https:\/\/www.spinnrock.fi\/wp-content\/uploads\/2022\/05\/PIC-Sylvia-Vaananen_uusi-150x150.jpg 150w, https:\/\/www.spinnrock.fi\/wp-content\/uploads\/2022\/05\/PIC-Sylvia-Vaananen_uusi-473x473.jpg 473w, https:\/\/www.spinnrock.fi\/wp-content\/uploads\/2022\/05\/PIC-Sylvia-Vaananen_uusi.jpg 600w\" sizes=\"(max-width: 300px) 100vw, 300px\" \/>\t\t\t\t\t\t\t\t\t\t\t\t\t\t\t<\/div>\n\t\t\t\t<\/div>\n\t\t\t\t\t<\/div>\n\t\t<\/div>\n\t\t\t\t<div class=\"elementor-column elementor-col-50 elementor-inner-column elementor-element elementor-element-9a3545d\" data-id=\"9a3545d\" data-element_type=\"column\">\n\t\t\t<div class=\"elementor-widget-wrap elementor-element-populated\">\n\t\t\t\t\t\t\t\t<div class=\"elementor-element elementor-element-4a36323 elementor-widget elementor-widget-text-editor\" data-id=\"4a36323\" data-element_type=\"widget\" data-widget_type=\"text-editor.default\">\n\t\t\t\t<div class=\"elementor-widget-container\">\n\t\t\t<style>\/*! elementor - v3.6.5 - 27-04-2022 *\/\n.elementor-widget-text-editor.elementor-drop-cap-view-stacked .elementor-drop-cap{background-color:#818a91;color:#fff}.elementor-widget-text-editor.elementor-drop-cap-view-framed .elementor-drop-cap{color:#818a91;border:3px solid;background-color:transparent}.elementor-widget-text-editor:not(.elementor-drop-cap-view-default) .elementor-drop-cap{margin-top:8px}.elementor-widget-text-editor:not(.elementor-drop-cap-view-default) .elementor-drop-cap-letter{width:1em;height:1em}.elementor-widget-text-editor .elementor-drop-cap{float:left;text-align:center;line-height:1;font-size:50px}.elementor-widget-text-editor .elementor-drop-cap-letter{display:inline-block}<\/style>\t\t\t\t<p>SPINNROCK palvelee asiakkaitaan tiiviiss\u00e4 yhteisty\u00f6ss\u00e4 Intoleadin ja Talbitin kanssa. Meilt\u00e4 saat saman katon alta liiketoiminnan strategisen kehitt\u00e4misen palvelut ja asiantuntijat sek\u00e4 strategian toteuttamista ja oppimista tukevat digitaaliset alustat.<\/p><p>Meit\u00e4 kaikkia yhdist\u00e4\u00e4 intohimo saada strategiset tavoitteet el\u00e4m\u00e4\u00e4n ihmisiss\u00e4, arjessa ja viivan alla.<\/p><p><b>Sylvia V\u00e4\u00e4n\u00e4nen | Johtava strategisti ja perustaja | SPINNROCK<\/b>\u00a0<\/p>\t\t\t\t\t\t<\/div>\n\t\t\t\t<\/div>\n\t\t\t\t<div class=\"elementor-element elementor-element-1d46bf3 elementor-view-stacked elementor-shape-circle elementor-widget elementor-widget-icon\" data-id=\"1d46bf3\" data-element_type=\"widget\" data-widget_type=\"icon.default\">\n\t\t\t\t<div class=\"elementor-widget-container\">\n\t\t\t\t\t<div class=\"elementor-icon-wrapper\">\n\t\t\t<a class=\"elementor-icon\" href=\"https:\/\/www.linkedin.com\/company\/spinnrock\/\" target=\"_blank\">\n\t\t\t<i aria-hidden=\"true\" class=\"fab fa-linkedin-in\"><\/i>\t\t\t<\/a>\n\t\t<\/div>\n\t\t\t\t<\/div>\n\t\t\t\t<\/div>\n\t\t\t\t\t<\/div>\n\t\t<\/div>\n\t\t\t\t\t\t\t<\/div>\n\t\t<\/section>\n\t\t\t\t\t<\/div>\n\t\t<\/div>\n\t\t\t\t\t\t\t<\/div>\n\t\t<\/section>\n\t\t\t\t<section class=\"elementor-section elementor-top-section elementor-element elementor-element-27283a7 elementor-section-boxed elementor-section-height-default elementor-section-height-default\" data-id=\"27283a7\" data-element_type=\"section\">\n\t\t\t\t\t\t<div class=\"elementor-container elementor-column-gap-default\">\n\t\t\t\t\t<div class=\"elementor-column elementor-col-100 elementor-top-column elementor-element elementor-element-6659638\" data-id=\"6659638\" data-element_type=\"column\" data-settings=\"{&quot;background_background&quot;:&quot;classic&quot;}\">\n\t\t\t<div class=\"elementor-widget-wrap elementor-element-populated\">\n\t\t\t\t\t\t\t\t<div class=\"elementor-element elementor-element-41f509d elementor-widget elementor-widget-text-editor\" data-id=\"41f509d\" data-element_type=\"widget\" data-widget_type=\"text-editor.default\">\n\t\t\t\t<div class=\"elementor-widget-container\">\n\t\t\t\t\t\t\t<p><span style=\"color: #ffffff;\">Olen erikoistunut \u201dno bullshit bingo\u201d strategioiden muotoiluun. K\u00e4yt\u00e4nn\u00f6ss\u00e4 se tarkoittaa kilpailutekij\u00f6iden tunnistamista asiakasl\u00e4ht\u00f6isesti, tutkittuun tietoon perustuen.<\/span><\/p><p><span style=\"color: #ffffff;\">Saan suurimmat kicksit ty\u00f6st\u00e4ni, kun n\u00e4en, miten kilpailutekij\u00f6ist\u00e4 tulee osa ty\u00f6yhteis\u00f6n arkea, luoden kilpailuetua viivan alle.<\/span><\/p><p><span style=\"color: #ffffff;\">Rakastan valmentamista ja olenkin auttanut lukuisia yrityksi\u00e4 ottamaan k\u00e4ytt\u00f6\u00f6n liiketoiminnan ja asiakaskokemuksen johtamisen ja kehitt\u00e4misen ty\u00f6kaluja. Valmennan mm. Business Finlandilla, Alma Talentilla, Professiolla ja Kauppakamarilla.<\/span><\/p><p><span style=\"color: #ffffff;\">Druckerin sanoja lainatakseni uskon vahvasti, ett\u00e4 \u201dParas tapa ennustaa tulevaisuutta, on luoda se.\u201d<\/span><\/p>\t\t\t\t\t\t<\/div>\n\t\t\t\t<\/div>\n\t\t\t\t<div class=\"elementor-element elementor-element-c5b0bb0 elementor-widget elementor-widget-spacer\" data-id=\"c5b0bb0\" data-element_type=\"widget\" data-widget_type=\"spacer.default\">\n\t\t\t\t<div class=\"elementor-widget-container\">\n\t\t\t\t\t<div class=\"elementor-spacer\">\n\t\t\t<div class=\"elementor-spacer-inner\"><\/div>\n\t\t<\/div>\n\t\t\t\t<\/div>\n\t\t\t\t<\/div>\n\t\t\t\t\t<\/div>\n\t\t<\/div>\n\t\t\t\t\t\t\t<\/div>\n\t\t<\/section>\n\t\t\t\t<section class=\"elementor-section elementor-top-section elementor-element elementor-element-003e19e elementor-section-full_width elementor-section-height-default elementor-section-height-default\" data-id=\"003e19e\" data-element_type=\"section\">\n\t\t\t\t\t\t<div class=\"elementor-container elementor-column-gap-default\">\n\t\t\t\t\t<div class=\"elementor-column elementor-col-100 elementor-top-column elementor-element elementor-element-7ba34f4\" data-id=\"7ba34f4\" data-element_type=\"column\">\n\t\t\t<div class=\"elementor-widget-wrap elementor-element-populated\">\n\t\t\t\t\t\t\t\t<div class=\"elementor-element elementor-element-7d6a5a0 elementor-widget elementor-widget-spacer\" data-id=\"7d6a5a0\" data-element_type=\"widget\" data-widget_type=\"spacer.default\">\n\t\t\t\t<div class=\"elementor-widget-container\">\n\t\t\t\t\t<div class=\"elementor-spacer\">\n\t\t\t<div class=\"elementor-spacer-inner\"><\/div>\n\t\t<\/div>\n\t\t\t\t<\/div>\n\t\t\t\t<\/div>\n\t\t\t\t\t<\/div>\n\t\t<\/div>\n\t\t\t\t\t\t\t<\/div>\n\t\t<\/section>\n\t\t\t\t<section class=\"elementor-section elementor-top-section elementor-element elementor-element-190ee86 elementor-section-boxed elementor-section-height-default elementor-section-height-default\" data-id=\"190ee86\" data-element_type=\"section\">\n\t\t\t\t\t\t<div class=\"elementor-container elementor-column-gap-default\">\n\t\t\t\t\t<div class=\"elementor-column elementor-col-100 elementor-top-column elementor-element elementor-element-c7b937f\" data-id=\"c7b937f\" data-element_type=\"column\">\n\t\t\t<div class=\"elementor-widget-wrap elementor-element-populated\">\n\t\t\t\t\t\t\t\t<div class=\"elementor-element elementor-element-4aa0a05 elementor-widget elementor-widget-spacer\" data-id=\"4aa0a05\" data-element_type=\"widget\" data-widget_type=\"spacer.default\">\n\t\t\t\t<div class=\"elementor-widget-container\">\n\t\t\t\t\t<div class=\"elementor-spacer\">\n\t\t\t<div class=\"elementor-spacer-inner\"><\/div>\n\t\t<\/div>\n\t\t\t\t<\/div>\n\t\t\t\t<\/div>\n\t\t\t\t<section class=\"elementor-section elementor-inner-section elementor-element elementor-element-7942234 elementor-section-boxed elementor-section-height-default elementor-section-height-default\" data-id=\"7942234\" data-element_type=\"section\">\n\t\t\t\t\t\t<div class=\"elementor-container elementor-column-gap-default\">\n\t\t\t\t\t<div class=\"elementor-column elementor-col-33 elementor-inner-column elementor-element elementor-element-423091f\" data-id=\"423091f\" data-element_type=\"column\">\n\t\t\t<div class=\"elementor-widget-wrap elementor-element-populated\">\n\t\t\t\t\t\t\t\t<div class=\"elementor-element elementor-element-fc99a07 elementor-widget elementor-widget-image\" data-id=\"fc99a07\" data-element_type=\"widget\" data-widget_type=\"image.default\">\n\t\t\t\t<div class=\"elementor-widget-container\">\n\t\t\t\t\t\t\t\t\t\t\t\t\t\t\t<img width=\"300\" height=\"300\" src=\"https:\/\/www.spinnrock.fi\/wp-content\/uploads\/2022\/05\/MJantunen-300x300.jpg\" class=\"attachment-medium size-medium\" alt=\"\" loading=\"lazy\" srcset=\"https:\/\/www.spinnrock.fi\/wp-content\/uploads\/2022\/05\/MJantunen-300x300.jpg 300w, https:\/\/www.spinnrock.fi\/wp-content\/uploads\/2022\/05\/MJantunen-150x150.jpg 150w, https:\/\/www.spinnrock.fi\/wp-content\/uploads\/2022\/05\/MJantunen.jpg 374w\" sizes=\"(max-width: 300px) 100vw, 300px\" \/>\t\t\t\t\t\t\t\t\t\t\t\t\t\t\t<\/div>\n\t\t\t\t<\/div>\n\t\t\t\t\t<\/div>\n\t\t<\/div>\n\t\t\t\t<div class=\"elementor-column elementor-col-33 elementor-inner-column elementor-element elementor-element-988ee49\" data-id=\"988ee49\" data-element_type=\"column\">\n\t\t\t<div class=\"elementor-widget-wrap elementor-element-populated\">\n\t\t\t\t\t\t\t\t<div class=\"elementor-element elementor-element-02a63c5 elementor-widget elementor-widget-text-editor\" data-id=\"02a63c5\" data-element_type=\"widget\" data-widget_type=\"text-editor.default\">\n\t\t\t\t<div class=\"elementor-widget-container\">\n\t\t\t\t\t\t\t<h5>Strategiasta tekoihin \u2013 kasvua ja vaikuttavuutta<\/h5><p>Intolead on johtamisen ja osaamisen kehitt\u00e4misen asiantuntija, joka auttaa yrityksi\u00e4 uudistamaan toimintaansa ja hy\u00f6dynt\u00e4m\u00e4\u00e4n digitaalisen oppimisen ymp\u00e4rist\u00f6j\u00e4 ja sis\u00e4lt\u00f6j\u00e4. Muutos- ja oppimisratkaisujemme avulla rakennat yrityksellesi oikean suunnan ja varmistat toiminnan kasvun sek\u00e4 tulevaisuuskest\u00e4vyyden.<\/p><p><strong>Mika Jantunen | Toimitusjohtaja ja perustaja | Intolead<\/strong><\/p>\t\t\t\t\t\t<\/div>\n\t\t\t\t<\/div>\n\t\t\t\t\t<\/div>\n\t\t<\/div>\n\t\t\t\t<div class=\"elementor-column elementor-col-33 elementor-inner-column elementor-element elementor-element-979df35\" data-id=\"979df35\" data-element_type=\"column\">\n\t\t\t<div class=\"elementor-widget-wrap elementor-element-populated\">\n\t\t\t\t\t\t\t\t<div class=\"elementor-element elementor-element-6251bc0 elementor-widget elementor-widget-image\" data-id=\"6251bc0\" data-element_type=\"widget\" data-widget_type=\"image.default\">\n\t\t\t\t<div class=\"elementor-widget-container\">\n\t\t\t\t\t\t\t\t\t\t\t\t\t\t\t\t<a href=\"https:\/\/intolead.com\/\" target=\"_blank\">\n\t\t\t\t\t\t\t<img width=\"150\" height=\"43\" src=\"https:\/\/www.spinnrock.fi\/wp-content\/uploads\/2022\/05\/Intolead_logo-1.png\" class=\"attachment-thumbnail size-thumbnail\" alt=\"\" loading=\"lazy\" \/>\t\t\t\t\t\t\t\t<\/a>\n\t\t\t\t\t\t\t\t\t\t\t\t\t\t\t<\/div>\n\t\t\t\t<\/div>\n\t\t\t\t\t<\/div>\n\t\t<\/div>\n\t\t\t\t\t\t\t<\/div>\n\t\t<\/section>\n\t\t\t\t<div class=\"elementor-element elementor-element-e81c216 elementor-widget elementor-widget-spacer\" data-id=\"e81c216\" data-element_type=\"widget\" data-widget_type=\"spacer.default\">\n\t\t\t\t<div class=\"elementor-widget-container\">\n\t\t\t\t\t<div class=\"elementor-spacer\">\n\t\t\t<div class=\"elementor-spacer-inner\"><\/div>\n\t\t<\/div>\n\t\t\t\t<\/div>\n\t\t\t\t<\/div>\n\t\t\t\t\t<\/div>\n\t\t<\/div>\n\t\t\t\t\t\t\t<\/div>\n\t\t<\/section>\n\t\t\t\t<section class=\"elementor-section elementor-top-section elementor-element elementor-element-fab84eb elementor-section-boxed elementor-section-height-default elementor-section-height-default\" data-id=\"fab84eb\" data-element_type=\"section\">\n\t\t\t\t\t\t<div class=\"elementor-container elementor-column-gap-default\">\n\t\t\t\t\t<div class=\"elementor-column elementor-col-100 elementor-top-column elementor-element elementor-element-3cce0a5\" data-id=\"3cce0a5\" data-element_type=\"column\">\n\t\t\t<div class=\"elementor-widget-wrap\">\n\t\t\t\t\t\t\t\t\t<\/div>\n\t\t<\/div>\n\t\t\t\t\t\t\t<\/div>\n\t\t<\/section>\n\t\t\t\t<section class=\"elementor-section elementor-top-section elementor-element elementor-element-7c2599e elementor-section-boxed elementor-section-height-default elementor-section-height-default\" data-id=\"7c2599e\" data-element_type=\"section\">\n\t\t\t\t\t\t<div class=\"elementor-container elementor-column-gap-default\">\n\t\t\t\t\t<div class=\"elementor-column elementor-col-100 elementor-top-column elementor-element elementor-element-312ecad\" data-id=\"312ecad\" data-element_type=\"column\">\n\t\t\t<div class=\"elementor-widget-wrap elementor-element-populated\">\n\t\t\t\t\t\t\t\t<section class=\"elementor-section elementor-inner-section elementor-element elementor-element-924822a elementor-section-boxed elementor-section-height-default elementor-section-height-default\" data-id=\"924822a\" data-element_type=\"section\">\n\t\t\t\t\t\t<div class=\"elementor-container elementor-column-gap-default\">\n\t\t\t\t\t<div class=\"elementor-column elementor-col-33 elementor-inner-column elementor-element elementor-element-e65eb69\" data-id=\"e65eb69\" data-element_type=\"column\">\n\t\t\t<div class=\"elementor-widget-wrap elementor-element-populated\">\n\t\t\t\t\t\t\t\t<div class=\"elementor-element elementor-element-d3714fd elementor-widget elementor-widget-image\" data-id=\"d3714fd\" data-element_type=\"widget\" data-widget_type=\"image.default\">\n\t\t\t\t<div class=\"elementor-widget-container\">\n\t\t\t\t\t\t\t\t\t\t\t\t\t\t\t<img width=\"300\" height=\"300\" src=\"https:\/\/www.spinnrock.fi\/wp-content\/uploads\/2022\/05\/KSavola_MV-300x300.jpg\" class=\"attachment-medium size-medium\" alt=\"\" loading=\"lazy\" srcset=\"https:\/\/www.spinnrock.fi\/wp-content\/uploads\/2022\/05\/KSavola_MV-300x300.jpg 300w, https:\/\/www.spinnrock.fi\/wp-content\/uploads\/2022\/05\/KSavola_MV-150x150.jpg 150w, https:\/\/www.spinnrock.fi\/wp-content\/uploads\/2022\/05\/KSavola_MV.jpg 326w\" sizes=\"(max-width: 300px) 100vw, 300px\" \/>\t\t\t\t\t\t\t\t\t\t\t\t\t\t\t<\/div>\n\t\t\t\t<\/div>\n\t\t\t\t\t<\/div>\n\t\t<\/div>\n\t\t\t\t<div class=\"elementor-column elementor-col-33 elementor-inner-column elementor-element elementor-element-344f432\" data-id=\"344f432\" data-element_type=\"column\">\n\t\t\t<div class=\"elementor-widget-wrap elementor-element-populated\">\n\t\t\t\t\t\t\t\t<div class=\"elementor-element elementor-element-9d3ff76 elementor-widget elementor-widget-text-editor\" data-id=\"9d3ff76\" data-element_type=\"widget\" data-widget_type=\"text-editor.default\">\n\t\t\t\t<div class=\"elementor-widget-container\">\n\t\t\t\t\t\t\t<h5>Maksimoi liiketoiminnan kehitys osaavien tiimien ja yksil\u00f6iden avulla<\/h5><p>Tekemisen ytimess\u00e4 on Talbit-alustamme. Sen avulla yll\u00e4pid\u00e4t\u00a0liiketoimintasi tavoitteita ja kehit\u00e4t niiden vaatimia osaamisia systemaattisesti ja yksil\u00f6llisesti.<\/p><p><b>Kaisa Savola | Toimitusjohtaja ja perustaja |\u00a0<\/b><b>Talbit<\/b><b>\u00a0<\/b><\/p>\t\t\t\t\t\t<\/div>\n\t\t\t\t<\/div>\n\t\t\t\t\t<\/div>\n\t\t<\/div>\n\t\t\t\t<div class=\"elementor-column elementor-col-33 elementor-inner-column elementor-element elementor-element-4037b66\" data-id=\"4037b66\" data-element_type=\"column\">\n\t\t\t<div class=\"elementor-widget-wrap elementor-element-populated\">\n\t\t\t\t\t\t\t\t<div class=\"elementor-element elementor-element-e4ce0ac elementor-widget elementor-widget-image\" data-id=\"e4ce0ac\" data-element_type=\"widget\" data-widget_type=\"image.default\">\n\t\t\t\t<div class=\"elementor-widget-container\">\n\t\t\t\t\t\t\t\t\t\t\t\t\t\t\t\t<a href=\"https:\/\/www.talbit.io\/\" target=\"_blank\">\n\t\t\t\t\t\t\t<img width=\"100\" height=\"99\" src=\"https:\/\/www.spinnrock.fi\/wp-content\/uploads\/2022\/05\/Talbit_logo-2.png\" class=\"attachment-thumbnail size-thumbnail\" alt=\"\" loading=\"lazy\" \/>\t\t\t\t\t\t\t\t<\/a>\n\t\t\t\t\t\t\t\t\t\t\t\t\t\t\t<\/div>\n\t\t\t\t<\/div>\n\t\t\t\t\t<\/div>\n\t\t<\/div>\n\t\t\t\t\t\t\t<\/div>\n\t\t<\/section>\n\t\t\t\t<div class=\"elementor-element elementor-element-2507c4d elementor-widget elementor-widget-spacer\" data-id=\"2507c4d\" data-element_type=\"widget\" data-widget_type=\"spacer.default\">\n\t\t\t\t<div class=\"elementor-widget-container\">\n\t\t\t\t\t<div class=\"elementor-spacer\">\n\t\t\t<div class=\"elementor-spacer-inner\"><\/div>\n\t\t<\/div>\n\t\t\t\t<\/div>\n\t\t\t\t<\/div>\n\t\t\t\t\t<\/div>\n\t\t<\/div>\n\t\t\t\t\t\t\t<\/div>\n\t\t<\/section>\n\t\t\t\t<section class=\"elementor-section elementor-top-section elementor-element elementor-element-3c45d1d elementor-section-full_width elementor-section-height-default elementor-section-height-default\" data-id=\"3c45d1d\" data-element_type=\"section\">\n\t\t\t\t\t\t<div class=\"elementor-container elementor-column-gap-default\">\n\t\t\t\t\t<div class=\"elementor-column elementor-col-100 elementor-top-column elementor-element elementor-element-e9a66b2\" data-id=\"e9a66b2\" data-element_type=\"column\">\n\t\t\t<div class=\"elementor-widget-wrap elementor-element-populated\">\n\t\t\t\t\t\t\t\t<div class=\"elementor-element elementor-element-07ca43a elementor-widget elementor-widget-spacer\" data-id=\"07ca43a\" data-element_type=\"widget\" data-widget_type=\"spacer.default\">\n\t\t\t\t<div class=\"elementor-widget-container\">\n\t\t\t\t\t<div class=\"elementor-spacer\">\n\t\t\t<div class=\"elementor-spacer-inner\"><\/div>\n\t\t<\/div>\n\t\t\t\t<\/div>\n\t\t\t\t<\/div>\n\t\t\t\t\t<\/div>\n\t\t<\/div>\n\t\t\t\t\t\t\t<\/div>\n\t\t<\/section>\n\t\t\t\t\t\t\t<\/div>\n\t\t","protected":false},"excerpt":{"rendered":"<p>TEKIJ\u00c4T SPINNROCK palvelee asiakkaitaan tiiviiss\u00e4 yhteisty\u00f6ss\u00e4 Intoleadin ja Talbitin kanssa. Meilt\u00e4 saat saman katon alta liiketoiminnan strategisen kehitt\u00e4misen palvelut ja asiantuntijat sek\u00e4 strategian toteuttamista ja oppimista tukevat digitaaliset alustat. Meit\u00e4 kaikkia yhdist\u00e4\u00e4 intohimo saada strategiset tavoitteet el\u00e4m\u00e4\u00e4n ihmisiss\u00e4, arjessa ja viivan alla. Sylvia V\u00e4\u00e4n\u00e4nen | Johtava strategisti ja perustaja | SPINNROCK\u00a0 Olen erikoistunut \u201dno bullshit [&hellip;]<\/p>\n","protected":false},"author":1,"featured_media":0,"parent":0,"menu_order":0,"comment_status":"closed","ping_status":"closed","template":"","meta":[],"_links":{"self":[{"href":"https:\/\/www.spinnrock.fi\/index.php\/wp-json\/wp\/v2\/pages\/2033"}],"collection":[{"href":"https:\/\/www.spinnrock.fi\/index.php\/wp-json\/wp\/v2\/pages"}],"about":[{"href":"https:\/\/www.spinnrock.fi\/index.php\/wp-json\/wp\/v2\/types\/page"}],"author":[{"embeddable":true,"href":"https:\/\/www.spinnrock.fi\/index.php\/wp-json\/wp\/v2\/users\/1"}],"replies":[{"embeddable":true,"href":"https:\/\/www.spinnrock.fi\/index.php\/wp-json\/wp\/v2\/comments?post=2033"}],"version-history":[{"count":280,"href":"https:\/\/www.spinnrock.fi\/index.php\/wp-json\/wp\/v2\/pages\/2033\/revisions"}],"predecessor-version":[{"id":4011,"href":"https:\/\/www.spinnrock.fi\/index.php\/wp-json\/wp\/v2\/pages\/2033\/revisions\/4011"}],"wp:attachment":[{"href":"https:\/\/www.spinnrock.fi\/index.php\/wp-json\/wp\/v2\/media?parent=2033"}],"curies":[{"name":"wp","href":"https:\/\/api.w.org\/{rel}","templated":true}]}}