{"id":2844,"date":"2022-05-26T13:34:52","date_gmt":"2022-05-26T13:34:52","guid":{"rendered":"https:\/\/www.spinnrock.fi\/?page_id=2844"},"modified":"2022-08-16T14:22:50","modified_gmt":"2022-08-16T14:22:50","slug":"jukkatalo","status":"publish","type":"page","link":"https:\/\/www.spinnrock.fi\/index.php\/jukkatalo\/","title":{"rendered":"Case Jukkatalo Oy"},"content":{"rendered":"\t\t<div data-elementor-type=\"wp-page\" data-elementor-id=\"2844\" class=\"elementor elementor-2844\">\n\t\t\t\t\t\t\t\t\t<section class=\"elementor-section elementor-top-section elementor-element elementor-element-69a8aff elementor-section-boxed elementor-section-height-default elementor-section-height-default\" data-id=\"69a8aff\" data-element_type=\"section\">\n\t\t\t\t\t\t<div class=\"elementor-container elementor-column-gap-default\">\n\t\t\t\t\t<div class=\"elementor-column elementor-col-100 elementor-top-column elementor-element elementor-element-8b628aa\" data-id=\"8b628aa\" data-element_type=\"column\">\n\t\t\t<div class=\"elementor-widget-wrap elementor-element-populated\">\n\t\t\t\t\t\t\t\t<div class=\"elementor-element elementor-element-64a25f0 elementor-widget elementor-widget-spacer\" data-id=\"64a25f0\" data-element_type=\"widget\" data-widget_type=\"spacer.default\">\n\t\t\t\t<div class=\"elementor-widget-container\">\n\t\t\t<style>\/*! elementor - v3.6.5 - 27-04-2022 *\/\n.e-container.e-container--row .elementor-spacer-inner{width:var(--spacer-size)}.e-container.e-container--column .elementor-spacer-inner,.elementor-column .elementor-spacer-inner{height:var(--spacer-size)}<\/style>\t\t<div class=\"elementor-spacer\">\n\t\t\t<div class=\"elementor-spacer-inner\"><\/div>\n\t\t<\/div>\n\t\t\t\t<\/div>\n\t\t\t\t<\/div>\n\t\t\t\t\t<\/div>\n\t\t<\/div>\n\t\t\t\t\t\t\t<\/div>\n\t\t<\/section>\n\t\t\t\t<section class=\"elementor-section elementor-top-section elementor-element elementor-element-b257dc8 elementor-section-boxed elementor-section-height-default elementor-section-height-default\" data-id=\"b257dc8\" data-element_type=\"section\">\n\t\t\t\t\t\t<div class=\"elementor-container elementor-column-gap-default\">\n\t\t\t\t\t<div class=\"elementor-column elementor-col-100 elementor-top-column elementor-element elementor-element-f8c8a82\" data-id=\"f8c8a82\" data-element_type=\"column\">\n\t\t\t<div class=\"elementor-widget-wrap elementor-element-populated\">\n\t\t\t\t\t\t\t\t<div class=\"elementor-element elementor-element-e9aace9 elementor-widget elementor-widget-heading\" data-id=\"e9aace9\" data-element_type=\"widget\" data-widget_type=\"heading.default\">\n\t\t\t\t<div class=\"elementor-widget-container\">\n\t\t\t<style>\/*! elementor - v3.6.5 - 27-04-2022 *\/\n.elementor-heading-title{padding:0;margin:0;line-height:1}.elementor-widget-heading .elementor-heading-title[class*=elementor-size-]>a{color:inherit;font-size:inherit;line-height:inherit}.elementor-widget-heading .elementor-heading-title.elementor-size-small{font-size:15px}.elementor-widget-heading .elementor-heading-title.elementor-size-medium{font-size:19px}.elementor-widget-heading .elementor-heading-title.elementor-size-large{font-size:29px}.elementor-widget-heading .elementor-heading-title.elementor-size-xl{font-size:39px}.elementor-widget-heading .elementor-heading-title.elementor-size-xxl{font-size:59px}<\/style><h2 class=\"elementor-heading-title elementor-size-default\"><h2 data-elementor-setting-key=\"title\" data-pen-placeholder=\"Kirjoita t\u00e4h\u00e4n...\"><\/h2><h3>CASE JUKKATALO OY<\/h3><h5>Asiakasymm\u00e4rryksell\u00e4 kohti markkinoiden ykk\u00f6ssijaa<\/h5><\/h2>\t\t<\/div>\n\t\t\t\t<\/div>\n\t\t\t\t<div class=\"elementor-element elementor-element-d6d5b21 elementor-widget elementor-widget-spacer\" data-id=\"d6d5b21\" data-element_type=\"widget\" data-widget_type=\"spacer.default\">\n\t\t\t\t<div class=\"elementor-widget-container\">\n\t\t\t\t\t<div class=\"elementor-spacer\">\n\t\t\t<div class=\"elementor-spacer-inner\"><\/div>\n\t\t<\/div>\n\t\t\t\t<\/div>\n\t\t\t\t<\/div>\n\t\t\t\t\t<\/div>\n\t\t<\/div>\n\t\t\t\t\t\t\t<\/div>\n\t\t<\/section>\n\t\t\t\t<section class=\"elementor-section elementor-top-section elementor-element elementor-element-103897a elementor-section-boxed elementor-section-height-default elementor-section-height-default\" data-id=\"103897a\" data-element_type=\"section\">\n\t\t\t\t\t\t<div class=\"elementor-container elementor-column-gap-default\">\n\t\t\t\t\t<div class=\"elementor-column elementor-col-100 elementor-top-column elementor-element elementor-element-570b9da\" data-id=\"570b9da\" data-element_type=\"column\">\n\t\t\t<div class=\"elementor-widget-wrap elementor-element-populated\">\n\t\t\t\t\t\t\t\t<section class=\"elementor-section elementor-inner-section elementor-element elementor-element-adee37d elementor-section-boxed elementor-section-height-default elementor-section-height-default\" data-id=\"adee37d\" data-element_type=\"section\">\n\t\t\t\t\t\t<div class=\"elementor-container elementor-column-gap-default\">\n\t\t\t\t\t<div class=\"elementor-column elementor-col-33 elementor-inner-column elementor-element elementor-element-caa51e6\" data-id=\"caa51e6\" data-element_type=\"column\">\n\t\t\t<div class=\"elementor-widget-wrap elementor-element-populated\">\n\t\t\t\t\t\t\t\t<div class=\"elementor-element elementor-element-68ce97e elementor-widget elementor-widget-image\" data-id=\"68ce97e\" data-element_type=\"widget\" data-widget_type=\"image.default\">\n\t\t\t\t<div class=\"elementor-widget-container\">\n\t\t\t<style>\/*! elementor - v3.6.5 - 27-04-2022 *\/\n.elementor-widget-image{text-align:center}.elementor-widget-image a{display:inline-block}.elementor-widget-image a img[src$=\".svg\"]{width:48px}.elementor-widget-image img{vertical-align:middle;display:inline-block}<\/style>\t\t\t\t\t\t\t\t\t\t\t\t<img width=\"300\" height=\"300\" src=\"https:\/\/www.spinnrock.fi\/wp-content\/uploads\/2022\/05\/TPoikkimaki-300x300.jpg\" class=\"attachment-medium size-medium\" alt=\"\" loading=\"lazy\" srcset=\"https:\/\/www.spinnrock.fi\/wp-content\/uploads\/2022\/05\/TPoikkimaki-300x300.jpg 300w, https:\/\/www.spinnrock.fi\/wp-content\/uploads\/2022\/05\/TPoikkimaki-150x150.jpg 150w, https:\/\/www.spinnrock.fi\/wp-content\/uploads\/2022\/05\/TPoikkimaki.jpg 328w\" sizes=\"(max-width: 300px) 100vw, 300px\" \/>\t\t\t\t\t\t\t\t\t\t\t\t\t\t\t<\/div>\n\t\t\t\t<\/div>\n\t\t\t\t\t<\/div>\n\t\t<\/div>\n\t\t\t\t<div class=\"elementor-column elementor-col-33 elementor-inner-column elementor-element elementor-element-1d13029\" data-id=\"1d13029\" data-element_type=\"column\">\n\t\t\t<div class=\"elementor-widget-wrap\">\n\t\t\t\t\t\t\t\t\t<\/div>\n\t\t<\/div>\n\t\t\t\t<div class=\"elementor-column elementor-col-33 elementor-inner-column elementor-element elementor-element-5b38e67\" data-id=\"5b38e67\" data-element_type=\"column\">\n\t\t\t<div class=\"elementor-widget-wrap elementor-element-populated\">\n\t\t\t\t\t\t\t\t<div class=\"elementor-element elementor-element-e35b639 elementor-widget elementor-widget-text-editor\" data-id=\"e35b639\" data-element_type=\"widget\" data-widget_type=\"text-editor.default\">\n\t\t\t\t<div class=\"elementor-widget-container\">\n\t\t\t<style>\/*! elementor - v3.6.5 - 27-04-2022 *\/\n.elementor-widget-text-editor.elementor-drop-cap-view-stacked .elementor-drop-cap{background-color:#818a91;color:#fff}.elementor-widget-text-editor.elementor-drop-cap-view-framed .elementor-drop-cap{color:#818a91;border:3px solid;background-color:transparent}.elementor-widget-text-editor:not(.elementor-drop-cap-view-default) .elementor-drop-cap{margin-top:8px}.elementor-widget-text-editor:not(.elementor-drop-cap-view-default) .elementor-drop-cap-letter{width:1em;height:1em}.elementor-widget-text-editor .elementor-drop-cap{float:left;text-align:center;line-height:1;font-size:50px}.elementor-widget-text-editor .elementor-drop-cap-letter{display:inline-block}<\/style>\t\t\t\t<p><span style=\"color: #000000;\"><strong>&#8221;S<\/strong><b>PINNROCKILLA on kokemusta, taitoa ja intoa, joka inspiroi meit\u00e4. Sylvia auttoi meit\u00e4 arvioimaan tutkimuksen keinoin omaa tekemist\u00e4mme kriittisesti mutta puolueettomasti. Voin hymyss\u00e4 suin suositella SPINNROCKIA kaikille, jotka haluavat kilpailla markkinoilla entist\u00e4 vaikuttavammin.\u201d<\/b><\/span><\/p><p><span style=\"color: #000000;\"><b>Timo Poikkim\u00e4ki | Myyntijohtaja | Jukkatalo<\/b><\/span><\/p>\t\t\t\t\t\t<\/div>\n\t\t\t\t<\/div>\n\t\t\t\t\t<\/div>\n\t\t<\/div>\n\t\t\t\t\t\t\t<\/div>\n\t\t<\/section>\n\t\t\t\t\t<\/div>\n\t\t<\/div>\n\t\t\t\t\t\t\t<\/div>\n\t\t<\/section>\n\t\t\t\t<section class=\"elementor-section elementor-top-section elementor-element elementor-element-14e5888 elementor-section-boxed elementor-section-height-default elementor-section-height-default\" data-id=\"14e5888\" data-element_type=\"section\">\n\t\t\t\t\t\t<div class=\"elementor-container elementor-column-gap-default\">\n\t\t\t\t\t<div class=\"elementor-column elementor-col-100 elementor-top-column elementor-element elementor-element-a040662\" data-id=\"a040662\" data-element_type=\"column\">\n\t\t\t<div class=\"elementor-widget-wrap elementor-element-populated\">\n\t\t\t\t\t\t\t\t<div class=\"elementor-element elementor-element-cf17e0a elementor-widget elementor-widget-spacer\" data-id=\"cf17e0a\" data-element_type=\"widget\" data-widget_type=\"spacer.default\">\n\t\t\t\t<div class=\"elementor-widget-container\">\n\t\t\t\t\t<div class=\"elementor-spacer\">\n\t\t\t<div class=\"elementor-spacer-inner\"><\/div>\n\t\t<\/div>\n\t\t\t\t<\/div>\n\t\t\t\t<\/div>\n\t\t\t\t<div class=\"elementor-element elementor-element-badfb81 elementor-widget elementor-widget-heading\" data-id=\"badfb81\" data-element_type=\"widget\" data-widget_type=\"heading.default\">\n\t\t\t\t<div class=\"elementor-widget-container\">\n\t\t\t<h2 class=\"elementor-heading-title elementor-size-medium\">MAHDOLLISUUS<\/h2>\t\t<\/div>\n\t\t\t\t<\/div>\n\t\t\t\t\t<\/div>\n\t\t<\/div>\n\t\t\t\t\t\t\t<\/div>\n\t\t<\/section>\n\t\t\t\t<section class=\"elementor-section elementor-top-section elementor-element elementor-element-9ccd329 elementor-section-boxed elementor-section-height-default elementor-section-height-default\" data-id=\"9ccd329\" data-element_type=\"section\">\n\t\t\t\t\t\t<div class=\"elementor-container elementor-column-gap-default\">\n\t\t\t\t\t<div class=\"elementor-column elementor-col-100 elementor-top-column elementor-element elementor-element-d5ca5ae\" data-id=\"d5ca5ae\" data-element_type=\"column\">\n\t\t\t<div class=\"elementor-widget-wrap elementor-element-populated\">\n\t\t\t\t\t\t\t\t<div class=\"elementor-element elementor-element-bd37c1e elementor-widget elementor-widget-text-editor\" data-id=\"bd37c1e\" data-element_type=\"widget\" data-widget_type=\"text-editor.default\">\n\t\t\t\t<div class=\"elementor-widget-container\">\n\t\t\t\t\t\t\t<p><span style=\"font-family: Verdana, sans-serif; letter-spacing: 0.3px;\">Jukkatalo halusi oppia tuntemaan asiakkaansa syv\u00e4llisemmin. Asiakasymm\u00e4rryst\u00e4 tarvittiin niin strategisen kilpailukyvyn kehitt\u00e4miseen kuin myynnin ja markkinoinnin optimoimiseen. Erityisesti Jukkataloa kiinnosti asiakkaiden ostop\u00e4\u00e4t\u00f6kseen vaikuttavat tekij\u00e4t, Jukkatalon kilpailutekij\u00f6iden kirkastamiseksi.<\/span><\/p>\t\t\t\t\t\t<\/div>\n\t\t\t\t<\/div>\n\t\t\t\t\t<\/div>\n\t\t<\/div>\n\t\t\t\t\t\t\t<\/div>\n\t\t<\/section>\n\t\t\t\t<section class=\"elementor-section elementor-top-section elementor-element elementor-element-9bf4783 elementor-section-boxed elementor-section-height-default elementor-section-height-default\" data-id=\"9bf4783\" data-element_type=\"section\">\n\t\t\t\t\t\t<div class=\"elementor-container elementor-column-gap-default\">\n\t\t\t\t\t<div class=\"elementor-column elementor-col-100 elementor-top-column elementor-element elementor-element-bdbec5f\" data-id=\"bdbec5f\" data-element_type=\"column\">\n\t\t\t<div class=\"elementor-widget-wrap elementor-element-populated\">\n\t\t\t\t\t\t\t\t<div class=\"elementor-element elementor-element-9ba3330 elementor-widget elementor-widget-heading\" data-id=\"9ba3330\" data-element_type=\"widget\" data-widget_type=\"heading.default\">\n\t\t\t\t<div class=\"elementor-widget-container\">\n\t\t\t<h2 class=\"elementor-heading-title elementor-size-medium\">RATKAISU<\/h2>\t\t<\/div>\n\t\t\t\t<\/div>\n\t\t\t\t\t<\/div>\n\t\t<\/div>\n\t\t\t\t\t\t\t<\/div>\n\t\t<\/section>\n\t\t\t\t<section class=\"elementor-section elementor-top-section elementor-element elementor-element-798383a elementor-section-boxed elementor-section-height-default elementor-section-height-default\" data-id=\"798383a\" data-element_type=\"section\">\n\t\t\t\t\t\t<div class=\"elementor-container elementor-column-gap-default\">\n\t\t\t\t\t<div class=\"elementor-column elementor-col-100 elementor-top-column elementor-element elementor-element-6a009d6\" data-id=\"6a009d6\" data-element_type=\"column\">\n\t\t\t<div class=\"elementor-widget-wrap elementor-element-populated\">\n\t\t\t\t\t\t\t\t<div class=\"elementor-element elementor-element-55c7228 elementor-widget elementor-widget-text-editor\" data-id=\"55c7228\" data-element_type=\"widget\" data-widget_type=\"text-editor.default\">\n\t\t\t\t<div class=\"elementor-widget-container\">\n\t\t\t\t\t\t\t<p style=\"font-family: Verdana, sans-serif; letter-spacing: 0.3px;\">Spinnrock suunnitteli ja toteutti verkkokyselytutkimuksen Jukkatalon asiakkaille. Tutkimus suunniteltiin analysoimalla asiakasdataa, mallintamalla asiakaspolku, tunnistamalla hypoteesej\u00e4 asiakkaat toisistaan erottavista tekij\u00f6ist\u00e4 ja m\u00e4\u00e4rittelem\u00e4ll\u00e4 liiketoiminnan ydinkysymykset mihin tutkimuksella haluttiin vastata.<\/p><p style=\"font-family: Verdana, sans-serif; letter-spacing: 0.3px;\">Tutkimuksen kautta tunnistettiin Jukkatalon asiakaskohderyhm\u00e4t ja vastaukset liiketoiminnan ydinkysymyksiin. Kohderyhmien tunnistaminen perustui tilastolliseen analyysiin liittyen ensisijaisesti ostop\u00e4\u00e4t\u00f6kseen vaikuttaviin tekij\u00f6ihin.<\/p>\t\t\t\t\t\t<\/div>\n\t\t\t\t<\/div>\n\t\t\t\t\t<\/div>\n\t\t<\/div>\n\t\t\t\t\t\t\t<\/div>\n\t\t<\/section>\n\t\t\t\t<section class=\"elementor-section elementor-top-section elementor-element elementor-element-a6beca7 elementor-section-boxed elementor-section-height-default elementor-section-height-default\" data-id=\"a6beca7\" data-element_type=\"section\">\n\t\t\t\t\t\t<div class=\"elementor-container elementor-column-gap-default\">\n\t\t\t\t\t<div class=\"elementor-column elementor-col-100 elementor-top-column elementor-element elementor-element-90772b9\" data-id=\"90772b9\" data-element_type=\"column\">\n\t\t\t<div class=\"elementor-widget-wrap elementor-element-populated\">\n\t\t\t\t\t\t\t\t<div class=\"elementor-element elementor-element-d5e1abc elementor-widget elementor-widget-heading\" data-id=\"d5e1abc\" data-element_type=\"widget\" data-widget_type=\"heading.default\">\n\t\t\t\t<div class=\"elementor-widget-container\">\n\t\t\t<h2 class=\"elementor-heading-title elementor-size-medium\">TULOS<\/h2>\t\t<\/div>\n\t\t\t\t<\/div>\n\t\t\t\t\t<\/div>\n\t\t<\/div>\n\t\t\t\t\t\t\t<\/div>\n\t\t<\/section>\n\t\t\t\t<section class=\"elementor-section elementor-top-section elementor-element elementor-element-b7f13af elementor-section-boxed elementor-section-height-default elementor-section-height-default\" data-id=\"b7f13af\" data-element_type=\"section\">\n\t\t\t\t\t\t<div class=\"elementor-container elementor-column-gap-default\">\n\t\t\t\t\t<div class=\"elementor-column elementor-col-100 elementor-top-column elementor-element elementor-element-647da20\" data-id=\"647da20\" data-element_type=\"column\">\n\t\t\t<div class=\"elementor-widget-wrap elementor-element-populated\">\n\t\t\t\t\t\t\t\t<div class=\"elementor-element elementor-element-039a61a elementor-widget elementor-widget-text-editor\" data-id=\"039a61a\" data-element_type=\"widget\" data-widget_type=\"text-editor.default\">\n\t\t\t\t<div class=\"elementor-widget-container\">\n\t\t\t\t\t\t\t<p style=\"font-family: Verdana, sans-serif; letter-spacing: 0.3px;\">Tutkimustulosten kautta Jukkatalo sai vastaukset kaikkiin ydinkysymyksiin mihin tutkimuksella haluttiin vastata. Spinnrock analysoi tulosten vaikutuksia liiketoimintaan yhdess\u00e4 Jukkatalon kanssa tarvittavien kehitystoimenpiteiden tunnistamiseksi. Tulosten avulla Jukkatalo on optimoinut liiketoimintaansa ja kirkastanut strategiaansa kilpailukyvyn ja markkina-aseman vahvistamiseksi mm. seuraavien asioiden osalta:<\/p><p style=\"font-family: Verdana, sans-serif; letter-spacing: 0.3px;\">\u2013 Jukkatalon valinta- ja kilpailutekij\u00e4t<br \/>\u2013 Jukkatalon myyjien ominaisuudet ja osaaminen<br \/>\u2013 Jukkatalon asiakaskohderyhm\u00e4t ja liiketoimintapotentiaali<br \/>\u2013 Henkil\u00f6kohtaisen ja digitaalisen asiakaspalvelun suhde toisiinsa<br \/>\u2013 Markkinoinnin kanavien tavoittavuus ja sis\u00e4lt\u00f6jen osuvuus<br \/>\u2013 Toteutunut asiakaskokemus asiakaspolun eri vaiheissa<\/p>\t\t\t\t\t\t<\/div>\n\t\t\t\t<\/div>\n\t\t\t\t\t<\/div>\n\t\t<\/div>\n\t\t\t\t\t\t\t<\/div>\n\t\t<\/section>\n\t\t\t\t<section class=\"elementor-section elementor-top-section elementor-element elementor-element-9f827d8 elementor-section-boxed elementor-section-height-default elementor-section-height-default\" data-id=\"9f827d8\" data-element_type=\"section\">\n\t\t\t\t\t\t<div class=\"elementor-container elementor-column-gap-default\">\n\t\t\t\t\t<div class=\"elementor-column elementor-col-100 elementor-top-column elementor-element elementor-element-08d1ff5\" data-id=\"08d1ff5\" data-element_type=\"column\">\n\t\t\t<div class=\"elementor-widget-wrap elementor-element-populated\">\n\t\t\t\t\t\t\t\t<div class=\"elementor-element elementor-element-c9ef7eb elementor-widget elementor-widget-heading\" data-id=\"c9ef7eb\" data-element_type=\"widget\" data-widget_type=\"heading.default\">\n\t\t\t\t<div class=\"elementor-widget-container\">\n\t\t\t<h2 class=\"elementor-heading-title elementor-size-medium\">JUKKATALO OY<\/h2>\t\t<\/div>\n\t\t\t\t<\/div>\n\t\t\t\t\t<\/div>\n\t\t<\/div>\n\t\t\t\t\t\t\t<\/div>\n\t\t<\/section>\n\t\t\t\t<section class=\"elementor-section elementor-top-section elementor-element elementor-element-5426e69 elementor-section-boxed elementor-section-height-default elementor-section-height-default\" data-id=\"5426e69\" data-element_type=\"section\">\n\t\t\t\t\t\t<div class=\"elementor-container elementor-column-gap-default\">\n\t\t\t\t\t<div class=\"elementor-column elementor-col-100 elementor-top-column elementor-element elementor-element-f413af8\" data-id=\"f413af8\" data-element_type=\"column\">\n\t\t\t<div class=\"elementor-widget-wrap elementor-element-populated\">\n\t\t\t\t\t\t\t\t<div class=\"elementor-element elementor-element-daa0f4f elementor-widget elementor-widget-text-editor\" data-id=\"daa0f4f\" data-element_type=\"widget\" data-widget_type=\"text-editor.default\">\n\t\t\t\t<div class=\"elementor-widget-container\">\n\t\t\t\t\t\t\t<h5><span style=\"font-family: Verdana, sans-serif; font-size: 16px; letter-spacing: 0.3px; color: #6e6e6e; font-weight: 400; text-align: var(--bs-body-text-align);\">Jukkatalo on yksi Suomen tunnetuimmista talomerkeist\u00e4. 53-vuotias Jukkatalo on valittu jo kolmetoista kertaa per\u00e4kk\u00e4in Suomen luotetuimmaksi talopakettimerkiksi. Olemme osa vakavaraista PRT-Forest -konsernia. Jukkatalon liikevaihto vuonna 2020 oli 56,4 miljoonaa euroa.<\/span><\/h5>\n<p><a href=\"http:\/\/www.jukkatalo.fi\/\" target=\"_blank\" rel=\"noopener\">Tutustu Jukkataloon ja talomalleihin t\u00e4st\u00e4<\/a>.<\/p>\t\t\t\t\t\t<\/div>\n\t\t\t\t<\/div>\n\t\t\t\t\t<\/div>\n\t\t<\/div>\n\t\t\t\t\t\t\t<\/div>\n\t\t<\/section>\n\t\t\t\t<section class=\"elementor-section elementor-top-section elementor-element elementor-element-d415035 elementor-section-boxed elementor-section-height-default elementor-section-height-default\" data-id=\"d415035\" data-element_type=\"section\">\n\t\t\t\t\t\t<div class=\"elementor-container elementor-column-gap-default\">\n\t\t\t\t\t<div class=\"elementor-column elementor-col-100 elementor-top-column elementor-element elementor-element-3c40253\" data-id=\"3c40253\" data-element_type=\"column\">\n\t\t\t<div class=\"elementor-widget-wrap elementor-element-populated\">\n\t\t\t\t\t\t\t\t<div class=\"elementor-element elementor-element-7f2df92 elementor-widget elementor-widget-spacer\" data-id=\"7f2df92\" data-element_type=\"widget\" data-widget_type=\"spacer.default\">\n\t\t\t\t<div class=\"elementor-widget-container\">\n\t\t\t\t\t<div class=\"elementor-spacer\">\n\t\t\t<div class=\"elementor-spacer-inner\"><\/div>\n\t\t<\/div>\n\t\t\t\t<\/div>\n\t\t\t\t<\/div>\n\t\t\t\t\t<\/div>\n\t\t<\/div>\n\t\t\t\t\t\t\t<\/div>\n\t\t<\/section>\n\t\t\t\t<section class=\"elementor-section elementor-top-section elementor-element elementor-element-0841c93 elementor-section-boxed elementor-section-height-default elementor-section-height-default\" data-id=\"0841c93\" data-element_type=\"section\">\n\t\t\t\t\t\t<div class=\"elementor-container elementor-column-gap-default\">\n\t\t\t\t\t<div class=\"elementor-column elementor-col-100 elementor-top-column elementor-element elementor-element-8780f75\" data-id=\"8780f75\" data-element_type=\"column\">\n\t\t\t<div class=\"elementor-widget-wrap elementor-element-populated\">\n\t\t\t\t\t\t\t\t<div class=\"elementor-element elementor-element-fdd7940 elementor-align-center elementor-widget elementor-widget-button\" data-id=\"fdd7940\" data-element_type=\"widget\" data-widget_type=\"button.default\">\n\t\t\t\t<div class=\"elementor-widget-container\">\n\t\t\t\t\t<div class=\"elementor-button-wrapper\">\n\t\t\t<a href=\"https:\/\/www.spinnrock.fi\/index.php\/tyot\" class=\"elementor-button-link elementor-button elementor-size-md\" role=\"button\">\n\t\t\t\t\t\t<span class=\"elementor-button-content-wrapper\">\n\t\t\t\t\t\t<span class=\"elementor-button-text\">Takaisin<\/span>\n\t\t<\/span>\n\t\t\t\t\t<\/a>\n\t\t<\/div>\n\t\t\t\t<\/div>\n\t\t\t\t<\/div>\n\t\t\t\t\t<\/div>\n\t\t<\/div>\n\t\t\t\t\t\t\t<\/div>\n\t\t<\/section>\n\t\t\t\t<section class=\"elementor-section elementor-top-section elementor-element elementor-element-a456053 elementor-section-boxed elementor-section-height-default elementor-section-height-default\" data-id=\"a456053\" data-element_type=\"section\">\n\t\t\t\t\t\t<div class=\"elementor-container elementor-column-gap-default\">\n\t\t\t\t\t<div class=\"elementor-column elementor-col-100 elementor-top-column elementor-element elementor-element-e462aca\" data-id=\"e462aca\" data-element_type=\"column\">\n\t\t\t<div class=\"elementor-widget-wrap elementor-element-populated\">\n\t\t\t\t\t\t\t\t<div class=\"elementor-element elementor-element-16ee5ca elementor-widget elementor-widget-spacer\" data-id=\"16ee5ca\" data-element_type=\"widget\" data-widget_type=\"spacer.default\">\n\t\t\t\t<div class=\"elementor-widget-container\">\n\t\t\t\t\t<div class=\"elementor-spacer\">\n\t\t\t<div class=\"elementor-spacer-inner\"><\/div>\n\t\t<\/div>\n\t\t\t\t<\/div>\n\t\t\t\t<\/div>\n\t\t\t\t\t<\/div>\n\t\t<\/div>\n\t\t\t\t\t\t\t<\/div>\n\t\t<\/section>\n\t\t\t\t\t\t\t<\/div>\n\t\t","protected":false},"excerpt":{"rendered":"<p>CASE JUKKATALO OY Asiakasymm\u00e4rryksell\u00e4 kohti markkinoiden ykk\u00f6ssijaa &#8221;SPINNROCKILLA on kokemusta, taitoa ja intoa, joka inspiroi meit\u00e4. Sylvia auttoi meit\u00e4 arvioimaan tutkimuksen keinoin omaa tekemist\u00e4mme kriittisesti mutta puolueettomasti. Voin hymyss\u00e4 suin suositella SPINNROCKIA kaikille, jotka haluavat kilpailla markkinoilla entist\u00e4 vaikuttavammin.\u201d Timo Poikkim\u00e4ki | Myyntijohtaja | Jukkatalo MAHDOLLISUUS Jukkatalo halusi oppia tuntemaan asiakkaansa syv\u00e4llisemmin. Asiakasymm\u00e4rryst\u00e4 tarvittiin niin [&hellip;]<\/p>\n","protected":false},"author":1,"featured_media":0,"parent":0,"menu_order":0,"comment_status":"closed","ping_status":"closed","template":"","meta":[],"_links":{"self":[{"href":"https:\/\/www.spinnrock.fi\/index.php\/wp-json\/wp\/v2\/pages\/2844"}],"collection":[{"href":"https:\/\/www.spinnrock.fi\/index.php\/wp-json\/wp\/v2\/pages"}],"about":[{"href":"https:\/\/www.spinnrock.fi\/index.php\/wp-json\/wp\/v2\/types\/page"}],"author":[{"embeddable":true,"href":"https:\/\/www.spinnrock.fi\/index.php\/wp-json\/wp\/v2\/users\/1"}],"replies":[{"embeddable":true,"href":"https:\/\/www.spinnrock.fi\/index.php\/wp-json\/wp\/v2\/comments?post=2844"}],"version-history":[{"count":96,"href":"https:\/\/www.spinnrock.fi\/index.php\/wp-json\/wp\/v2\/pages\/2844\/revisions"}],"predecessor-version":[{"id":4153,"href":"https:\/\/www.spinnrock.fi\/index.php\/wp-json\/wp\/v2\/pages\/2844\/revisions\/4153"}],"wp:attachment":[{"href":"https:\/\/www.spinnrock.fi\/index.php\/wp-json\/wp\/v2\/media?parent=2844"}],"curies":[{"name":"wp","href":"https:\/\/api.w.org\/{rel}","templated":true}]}}