{"id":2858,"date":"2022-05-26T13:46:03","date_gmt":"2022-05-26T13:46:03","guid":{"rendered":"https:\/\/www.spinnrock.fi\/?page_id=2858"},"modified":"2022-08-05T07:50:05","modified_gmt":"2022-08-05T07:50:05","slug":"saranen","status":"publish","type":"page","link":"https:\/\/www.spinnrock.fi\/index.php\/saranen\/","title":{"rendered":"Case Saranen Consulting Oy"},"content":{"rendered":"\t\t<div data-elementor-type=\"wp-page\" data-elementor-id=\"2858\" class=\"elementor elementor-2858\">\n\t\t\t\t\t\t\t\t\t<section class=\"elementor-section elementor-top-section elementor-element elementor-element-3c21b26 elementor-section-boxed elementor-section-height-default elementor-section-height-default\" data-id=\"3c21b26\" data-element_type=\"section\">\n\t\t\t\t\t\t<div class=\"elementor-container elementor-column-gap-default\">\n\t\t\t\t\t<div class=\"elementor-column elementor-col-100 elementor-top-column elementor-element elementor-element-709e77e\" data-id=\"709e77e\" data-element_type=\"column\">\n\t\t\t<div class=\"elementor-widget-wrap elementor-element-populated\">\n\t\t\t\t\t\t\t\t<div class=\"elementor-element elementor-element-02fbce9 elementor-widget elementor-widget-spacer\" data-id=\"02fbce9\" data-element_type=\"widget\" data-widget_type=\"spacer.default\">\n\t\t\t\t<div class=\"elementor-widget-container\">\n\t\t\t<style>\/*! elementor - v3.6.5 - 27-04-2022 *\/\n.e-container.e-container--row .elementor-spacer-inner{width:var(--spacer-size)}.e-container.e-container--column .elementor-spacer-inner,.elementor-column .elementor-spacer-inner{height:var(--spacer-size)}<\/style>\t\t<div class=\"elementor-spacer\">\n\t\t\t<div class=\"elementor-spacer-inner\"><\/div>\n\t\t<\/div>\n\t\t\t\t<\/div>\n\t\t\t\t<\/div>\n\t\t\t\t\t<\/div>\n\t\t<\/div>\n\t\t\t\t\t\t\t<\/div>\n\t\t<\/section>\n\t\t\t\t<section class=\"elementor-section elementor-top-section elementor-element elementor-element-9b51df5 elementor-section-boxed elementor-section-height-default elementor-section-height-default\" data-id=\"9b51df5\" data-element_type=\"section\">\n\t\t\t\t\t\t<div class=\"elementor-container elementor-column-gap-default\">\n\t\t\t\t\t<div class=\"elementor-column elementor-col-100 elementor-top-column elementor-element elementor-element-b75a325\" data-id=\"b75a325\" data-element_type=\"column\">\n\t\t\t<div class=\"elementor-widget-wrap elementor-element-populated\">\n\t\t\t\t\t\t\t\t<div class=\"elementor-element elementor-element-6715d49 elementor-widget elementor-widget-heading\" data-id=\"6715d49\" data-element_type=\"widget\" data-widget_type=\"heading.default\">\n\t\t\t\t<div class=\"elementor-widget-container\">\n\t\t\t<style>\/*! elementor - v3.6.5 - 27-04-2022 *\/\n.elementor-heading-title{padding:0;margin:0;line-height:1}.elementor-widget-heading .elementor-heading-title[class*=elementor-size-]>a{color:inherit;font-size:inherit;line-height:inherit}.elementor-widget-heading .elementor-heading-title.elementor-size-small{font-size:15px}.elementor-widget-heading .elementor-heading-title.elementor-size-medium{font-size:19px}.elementor-widget-heading .elementor-heading-title.elementor-size-large{font-size:29px}.elementor-widget-heading .elementor-heading-title.elementor-size-xl{font-size:39px}.elementor-widget-heading .elementor-heading-title.elementor-size-xxl{font-size:59px}<\/style><h2 class=\"elementor-heading-title elementor-size-default\"><h3 style=\"white-space: normal;\">CASE SARANEN CONSULTING OY<\/h3><h5 style=\"white-space: normal;\">Kilpailukyky\u00e4 osaamisen uudistamisella<\/h5><\/h2>\t\t<\/div>\n\t\t\t\t<\/div>\n\t\t\t\t<div class=\"elementor-element elementor-element-f884e30 elementor-widget elementor-widget-spacer\" data-id=\"f884e30\" data-element_type=\"widget\" data-widget_type=\"spacer.default\">\n\t\t\t\t<div class=\"elementor-widget-container\">\n\t\t\t\t\t<div class=\"elementor-spacer\">\n\t\t\t<div class=\"elementor-spacer-inner\"><\/div>\n\t\t<\/div>\n\t\t\t\t<\/div>\n\t\t\t\t<\/div>\n\t\t\t\t\t<\/div>\n\t\t<\/div>\n\t\t\t\t\t\t\t<\/div>\n\t\t<\/section>\n\t\t\t\t<section class=\"elementor-section elementor-top-section elementor-element elementor-element-d885bf0 elementor-section-boxed elementor-section-height-default elementor-section-height-default\" data-id=\"d885bf0\" data-element_type=\"section\">\n\t\t\t\t\t\t<div class=\"elementor-container elementor-column-gap-default\">\n\t\t\t\t\t<div class=\"elementor-column elementor-col-100 elementor-top-column elementor-element elementor-element-ac00509\" data-id=\"ac00509\" data-element_type=\"column\">\n\t\t\t<div class=\"elementor-widget-wrap elementor-element-populated\">\n\t\t\t\t\t\t\t\t<section class=\"elementor-section elementor-inner-section elementor-element elementor-element-80873be elementor-section-boxed elementor-section-height-default elementor-section-height-default\" data-id=\"80873be\" data-element_type=\"section\">\n\t\t\t\t\t\t<div class=\"elementor-container elementor-column-gap-default\">\n\t\t\t\t\t<div class=\"elementor-column elementor-col-33 elementor-inner-column elementor-element elementor-element-5ba09ce\" data-id=\"5ba09ce\" data-element_type=\"column\">\n\t\t\t<div class=\"elementor-widget-wrap elementor-element-populated\">\n\t\t\t\t\t\t\t\t<div class=\"elementor-element elementor-element-aeebaa1 elementor-widget elementor-widget-image\" data-id=\"aeebaa1\" data-element_type=\"widget\" data-widget_type=\"image.default\">\n\t\t\t\t<div class=\"elementor-widget-container\">\n\t\t\t<style>\/*! elementor - v3.6.5 - 27-04-2022 *\/\n.elementor-widget-image{text-align:center}.elementor-widget-image a{display:inline-block}.elementor-widget-image a img[src$=\".svg\"]{width:48px}.elementor-widget-image img{vertical-align:middle;display:inline-block}<\/style>\t\t\t\t\t\t\t\t\t\t\t\t<img width=\"300\" height=\"300\" src=\"https:\/\/www.spinnrock.fi\/wp-content\/uploads\/2022\/05\/RJakovuori_MV-300x300.jpg\" class=\"attachment-medium size-medium\" alt=\"\" loading=\"lazy\" srcset=\"https:\/\/www.spinnrock.fi\/wp-content\/uploads\/2022\/05\/RJakovuori_MV-300x300.jpg 300w, https:\/\/www.spinnrock.fi\/wp-content\/uploads\/2022\/05\/RJakovuori_MV-150x150.jpg 150w, https:\/\/www.spinnrock.fi\/wp-content\/uploads\/2022\/05\/RJakovuori_MV-768x767.jpg 768w, https:\/\/www.spinnrock.fi\/wp-content\/uploads\/2022\/05\/RJakovuori_MV-473x473.jpg 473w, https:\/\/www.spinnrock.fi\/wp-content\/uploads\/2022\/05\/RJakovuori_MV-720x719.jpg 720w, https:\/\/www.spinnrock.fi\/wp-content\/uploads\/2022\/05\/RJakovuori_MV.jpg 972w\" sizes=\"(max-width: 300px) 100vw, 300px\" \/>\t\t\t\t\t\t\t\t\t\t\t\t\t\t\t<\/div>\n\t\t\t\t<\/div>\n\t\t\t\t\t<\/div>\n\t\t<\/div>\n\t\t\t\t<div class=\"elementor-column elementor-col-33 elementor-inner-column elementor-element elementor-element-0f9440d\" data-id=\"0f9440d\" data-element_type=\"column\">\n\t\t\t<div class=\"elementor-widget-wrap\">\n\t\t\t\t\t\t\t\t\t<\/div>\n\t\t<\/div>\n\t\t\t\t<div class=\"elementor-column elementor-col-33 elementor-inner-column elementor-element elementor-element-ccddb62\" data-id=\"ccddb62\" data-element_type=\"column\">\n\t\t\t<div class=\"elementor-widget-wrap elementor-element-populated\">\n\t\t\t\t\t\t\t\t<div class=\"elementor-element elementor-element-f1f22ef elementor-widget elementor-widget-text-editor\" data-id=\"f1f22ef\" data-element_type=\"widget\" data-widget_type=\"text-editor.default\">\n\t\t\t\t<div class=\"elementor-widget-container\">\n\t\t\t<style>\/*! elementor - v3.6.5 - 27-04-2022 *\/\n.elementor-widget-text-editor.elementor-drop-cap-view-stacked .elementor-drop-cap{background-color:#818a91;color:#fff}.elementor-widget-text-editor.elementor-drop-cap-view-framed .elementor-drop-cap{color:#818a91;border:3px solid;background-color:transparent}.elementor-widget-text-editor:not(.elementor-drop-cap-view-default) .elementor-drop-cap{margin-top:8px}.elementor-widget-text-editor:not(.elementor-drop-cap-view-default) .elementor-drop-cap-letter{width:1em;height:1em}.elementor-widget-text-editor .elementor-drop-cap{float:left;text-align:center;line-height:1;font-size:50px}.elementor-widget-text-editor .elementor-drop-cap-letter{display:inline-block}<\/style>\t\t\t\t<p><b>\u201dSaranen kilpailee huippuosaamisella. Tiivis yhteisty\u00f6 SPINNROCKIN kanssa auttoi meit\u00e4 muotoilemaan osaamisstrategiamme ja vauhditti kehitysty\u00f6t\u00e4. SPINNROCKIN menetelmill\u00e4 ja ty\u00f6kaluilla varmistimme, ett\u00e4 osaamisstrategiamme perustuu faktoihin olettamuksien sijaan, osaaminen kehittyy oikeassa toimintaymp\u00e4rist\u00f6ss\u00e4 kiinte\u00e4n\u00e4 osana ydinliiketoimintaamme ja osaaminen kasvaa arjessa toimintaan ohjaavan tiekartan mukaisesti.\u201d\u00a0<\/b><\/p><p><b>Riikka Jakovuori | Johtava asiantuntija | Saranen Consulting Oy<\/b><\/p>\t\t\t\t\t\t<\/div>\n\t\t\t\t<\/div>\n\t\t\t\t\t<\/div>\n\t\t<\/div>\n\t\t\t\t\t\t\t<\/div>\n\t\t<\/section>\n\t\t\t\t\t<\/div>\n\t\t<\/div>\n\t\t\t\t\t\t\t<\/div>\n\t\t<\/section>\n\t\t\t\t<section class=\"elementor-section elementor-top-section elementor-element elementor-element-920a434 elementor-section-boxed elementor-section-height-default elementor-section-height-default\" data-id=\"920a434\" data-element_type=\"section\">\n\t\t\t\t\t\t<div class=\"elementor-container elementor-column-gap-default\">\n\t\t\t\t\t<div class=\"elementor-column elementor-col-100 elementor-top-column elementor-element elementor-element-90f52da\" data-id=\"90f52da\" data-element_type=\"column\">\n\t\t\t<div class=\"elementor-widget-wrap elementor-element-populated\">\n\t\t\t\t\t\t\t\t<div class=\"elementor-element elementor-element-9b98862 elementor-widget elementor-widget-spacer\" data-id=\"9b98862\" data-element_type=\"widget\" data-widget_type=\"spacer.default\">\n\t\t\t\t<div class=\"elementor-widget-container\">\n\t\t\t\t\t<div class=\"elementor-spacer\">\n\t\t\t<div class=\"elementor-spacer-inner\"><\/div>\n\t\t<\/div>\n\t\t\t\t<\/div>\n\t\t\t\t<\/div>\n\t\t\t\t<div class=\"elementor-element elementor-element-2c40e85 elementor-widget elementor-widget-heading\" data-id=\"2c40e85\" data-element_type=\"widget\" data-widget_type=\"heading.default\">\n\t\t\t\t<div class=\"elementor-widget-container\">\n\t\t\t<h2 class=\"elementor-heading-title elementor-size-medium\">MAHDOLLISUUS<\/h2>\t\t<\/div>\n\t\t\t\t<\/div>\n\t\t\t\t\t<\/div>\n\t\t<\/div>\n\t\t\t\t\t\t\t<\/div>\n\t\t<\/section>\n\t\t\t\t<section class=\"elementor-section elementor-top-section elementor-element elementor-element-5527698 elementor-section-boxed elementor-section-height-default elementor-section-height-default\" data-id=\"5527698\" data-element_type=\"section\">\n\t\t\t\t\t\t<div class=\"elementor-container elementor-column-gap-default\">\n\t\t\t\t\t<div class=\"elementor-column elementor-col-100 elementor-top-column elementor-element elementor-element-1a0c63e\" data-id=\"1a0c63e\" data-element_type=\"column\">\n\t\t\t<div class=\"elementor-widget-wrap elementor-element-populated\">\n\t\t\t\t\t\t\t\t<div class=\"elementor-element elementor-element-e5b1a95 elementor-widget elementor-widget-text-editor\" data-id=\"e5b1a95\" data-element_type=\"widget\" data-widget_type=\"text-editor.default\">\n\t\t\t\t<div class=\"elementor-widget-container\">\n\t\t\t\t\t\t\t<p style=\"font-family: Verdana, sans-serif; letter-spacing: 0.3px;\">Saranen Consulting halusi tunnistaa osana strategiaty\u00f6t\u00e4\u00e4n mit\u00e4 osaamisia tulee uudistaa, miss\u00e4 m\u00e4\u00e4rin ja miten, liiketoiminnan strategisten tavoitteiden saavuttamiseksi ja operatiivisen arjen sujuvoittamiseksi.<\/p>\t\t\t\t\t\t<\/div>\n\t\t\t\t<\/div>\n\t\t\t\t\t<\/div>\n\t\t<\/div>\n\t\t\t\t\t\t\t<\/div>\n\t\t<\/section>\n\t\t\t\t<section class=\"elementor-section elementor-top-section elementor-element elementor-element-8ad5014 elementor-section-boxed elementor-section-height-default elementor-section-height-default\" data-id=\"8ad5014\" data-element_type=\"section\">\n\t\t\t\t\t\t<div class=\"elementor-container elementor-column-gap-default\">\n\t\t\t\t\t<div class=\"elementor-column elementor-col-100 elementor-top-column elementor-element elementor-element-f8298a4\" data-id=\"f8298a4\" data-element_type=\"column\">\n\t\t\t<div class=\"elementor-widget-wrap elementor-element-populated\">\n\t\t\t\t\t\t\t\t<div class=\"elementor-element elementor-element-fac6331 elementor-widget elementor-widget-heading\" data-id=\"fac6331\" data-element_type=\"widget\" data-widget_type=\"heading.default\">\n\t\t\t\t<div class=\"elementor-widget-container\">\n\t\t\t<h2 class=\"elementor-heading-title elementor-size-medium\">RATKAISU<\/h2>\t\t<\/div>\n\t\t\t\t<\/div>\n\t\t\t\t\t<\/div>\n\t\t<\/div>\n\t\t\t\t\t\t\t<\/div>\n\t\t<\/section>\n\t\t\t\t<section class=\"elementor-section elementor-top-section elementor-element elementor-element-9508ec6 elementor-section-boxed elementor-section-height-default elementor-section-height-default\" data-id=\"9508ec6\" data-element_type=\"section\">\n\t\t\t\t\t\t<div class=\"elementor-container elementor-column-gap-default\">\n\t\t\t\t\t<div class=\"elementor-column elementor-col-100 elementor-top-column elementor-element elementor-element-18368bf\" data-id=\"18368bf\" data-element_type=\"column\">\n\t\t\t<div class=\"elementor-widget-wrap elementor-element-populated\">\n\t\t\t\t\t\t\t\t<div class=\"elementor-element elementor-element-a3651c5 elementor-widget elementor-widget-text-editor\" data-id=\"a3651c5\" data-element_type=\"widget\" data-widget_type=\"text-editor.default\">\n\t\t\t\t<div class=\"elementor-widget-container\">\n\t\t\t\t\t\t\t<p style=\"font-family: Verdana, sans-serif; letter-spacing: 0.3px;\">SPINNROCK auttoi suunnittelemaan ja toteuttamaan Saraselle kyselytutkimuksen, jonka kautta tunnistettiin ty\u00f6yhteis\u00f6n nykyisen osaamisp\u00e4\u00e4oman heikkoudet ja vahvuudet vasten liiketoiminnan tavoitteita. Osaamisten lis\u00e4ksi tutkittiin my\u00f6s oppivan organisaation tunnusmerkkej\u00e4 ja osaamisen kehitt\u00e4misen k\u00e4yt\u00e4nt\u00f6j\u00e4.<\/p><p style=\"font-family: Verdana, sans-serif; letter-spacing: 0.3px;\">Tutkimuksen kautta tunnistettiin osaamisen ja oppimiskulttuurin numeeriset l\u00e4ht\u00f6arvot ja kehitt\u00e4misen tavoitteet. SPINNROCK oli mukana my\u00f6s ulkopuolisena asiantuntijana, kun ty\u00f6pajoissa johdon ja henkil\u00f6st\u00f6n kanssa luotiin osaamisen kehitt\u00e4misen tiekartta pohjautuen liiketoiminnalliseen kontekstiin.<\/p>\t\t\t\t\t\t<\/div>\n\t\t\t\t<\/div>\n\t\t\t\t\t<\/div>\n\t\t<\/div>\n\t\t\t\t\t\t\t<\/div>\n\t\t<\/section>\n\t\t\t\t<section class=\"elementor-section elementor-top-section elementor-element elementor-element-cc0dd29 elementor-section-boxed elementor-section-height-default elementor-section-height-default\" data-id=\"cc0dd29\" data-element_type=\"section\">\n\t\t\t\t\t\t<div class=\"elementor-container elementor-column-gap-default\">\n\t\t\t\t\t<div class=\"elementor-column elementor-col-100 elementor-top-column elementor-element elementor-element-08ea267\" data-id=\"08ea267\" data-element_type=\"column\">\n\t\t\t<div class=\"elementor-widget-wrap elementor-element-populated\">\n\t\t\t\t\t\t\t\t<div class=\"elementor-element elementor-element-172349a elementor-widget elementor-widget-heading\" data-id=\"172349a\" data-element_type=\"widget\" data-widget_type=\"heading.default\">\n\t\t\t\t<div class=\"elementor-widget-container\">\n\t\t\t<h2 class=\"elementor-heading-title elementor-size-medium\">TULOS<\/h2>\t\t<\/div>\n\t\t\t\t<\/div>\n\t\t\t\t\t<\/div>\n\t\t<\/div>\n\t\t\t\t\t\t\t<\/div>\n\t\t<\/section>\n\t\t\t\t<section class=\"elementor-section elementor-top-section elementor-element elementor-element-d0c7798 elementor-section-boxed elementor-section-height-default elementor-section-height-default\" data-id=\"d0c7798\" data-element_type=\"section\">\n\t\t\t\t\t\t<div class=\"elementor-container elementor-column-gap-default\">\n\t\t\t\t\t<div class=\"elementor-column elementor-col-100 elementor-top-column elementor-element elementor-element-223037b\" data-id=\"223037b\" data-element_type=\"column\">\n\t\t\t<div class=\"elementor-widget-wrap elementor-element-populated\">\n\t\t\t\t\t\t\t\t<div class=\"elementor-element elementor-element-b6b9408 elementor-widget elementor-widget-text-editor\" data-id=\"b6b9408\" data-element_type=\"widget\" data-widget_type=\"text-editor.default\">\n\t\t\t\t<div class=\"elementor-widget-container\">\n\t\t\t\t\t\t\t<p style=\"font-family: Verdana, sans-serif; letter-spacing: 0.3px;\">Datan ja kehitysty\u00f6n pohjalta muotoiltiin osaamisen uudistamisen tiekartta viitoittamaan osaamisen kehitt\u00e4mist\u00e4 k\u00e4yt\u00e4nn\u00f6ss\u00e4 ja linjassa liiketoimintastrategian kanssa. Tiekartan mallintamisen l\u00e4ht\u00f6kohtana oli saattaa osaamisen ja oppimiskulttuurin kehitt\u00e4minen kiinte\u00e4ksi osaksi Sarasen ydinliiketoimintaa.\u00a0<\/p>\t\t\t\t\t\t<\/div>\n\t\t\t\t<\/div>\n\t\t\t\t\t<\/div>\n\t\t<\/div>\n\t\t\t\t\t\t\t<\/div>\n\t\t<\/section>\n\t\t\t\t<section class=\"elementor-section elementor-top-section elementor-element elementor-element-001e6e9 elementor-section-boxed elementor-section-height-default elementor-section-height-default\" data-id=\"001e6e9\" data-element_type=\"section\">\n\t\t\t\t\t\t<div class=\"elementor-container elementor-column-gap-default\">\n\t\t\t\t\t<div class=\"elementor-column elementor-col-100 elementor-top-column elementor-element elementor-element-9a2a829\" data-id=\"9a2a829\" data-element_type=\"column\">\n\t\t\t<div class=\"elementor-widget-wrap elementor-element-populated\">\n\t\t\t\t\t\t\t\t<div class=\"elementor-element elementor-element-64d382b elementor-widget elementor-widget-heading\" data-id=\"64d382b\" data-element_type=\"widget\" data-widget_type=\"heading.default\">\n\t\t\t\t<div class=\"elementor-widget-container\">\n\t\t\t<h2 class=\"elementor-heading-title elementor-size-medium\">SARANEN CONSULTING OY<\/h2>\t\t<\/div>\n\t\t\t\t<\/div>\n\t\t\t\t\t<\/div>\n\t\t<\/div>\n\t\t\t\t\t\t\t<\/div>\n\t\t<\/section>\n\t\t\t\t<section class=\"elementor-section elementor-top-section elementor-element elementor-element-8fa490f elementor-section-boxed elementor-section-height-default elementor-section-height-default\" data-id=\"8fa490f\" data-element_type=\"section\">\n\t\t\t\t\t\t<div class=\"elementor-container elementor-column-gap-default\">\n\t\t\t\t\t<div class=\"elementor-column elementor-col-100 elementor-top-column elementor-element elementor-element-f5e2ea3\" data-id=\"f5e2ea3\" data-element_type=\"column\">\n\t\t\t<div class=\"elementor-widget-wrap elementor-element-populated\">\n\t\t\t\t\t\t\t\t<div class=\"elementor-element elementor-element-b6111d9 elementor-widget elementor-widget-text-editor\" data-id=\"b6111d9\" data-element_type=\"widget\" data-widget_type=\"text-editor.default\">\n\t\t\t\t<div class=\"elementor-widget-container\">\n\t\t\t\t\t\t\t<h5><span style=\"font-family: Verdana, sans-serif; font-size: 16px; letter-spacing: 0.3px; color: #6e6e6e; font-weight: 400; text-align: var(--bs-body-text-align);\">Saranen on ty\u00f6el\u00e4m\u00e4n osaamisen asiantuntijayritys. Saranen luo ja rekrytoi uutta osaamista ty\u00f6markkinan tarpeisiin, vauhdittaa oppimista ja osaamisen kehitt\u00e4mist\u00e4 ty\u00f6yhteis\u00f6iss\u00e4 sek\u00e4 auttaa osaamisen muutos- ja sopeuttamistilanteissa. Saranen Consulting Oy:n liikevaihto vuonna 2020 oli 12 miljoona euroa.<\/span><\/h5><p><a style=\"letter-spacing: 0.3px;\" href=\"https:\/\/www.saranen.fi\/\" target=\"_blank\" rel=\"noopener\">Tutustu Saraseen t\u00e4st\u00e4.<\/a><\/p>\t\t\t\t\t\t<\/div>\n\t\t\t\t<\/div>\n\t\t\t\t\t<\/div>\n\t\t<\/div>\n\t\t\t\t\t\t\t<\/div>\n\t\t<\/section>\n\t\t\t\t<section class=\"elementor-section elementor-top-section elementor-element elementor-element-00aaf33 elementor-section-boxed elementor-section-height-default elementor-section-height-default\" data-id=\"00aaf33\" data-element_type=\"section\">\n\t\t\t\t\t\t<div class=\"elementor-container elementor-column-gap-default\">\n\t\t\t\t\t<div class=\"elementor-column elementor-col-100 elementor-top-column elementor-element elementor-element-45d3d81\" data-id=\"45d3d81\" data-element_type=\"column\">\n\t\t\t<div class=\"elementor-widget-wrap elementor-element-populated\">\n\t\t\t\t\t\t\t\t<div class=\"elementor-element elementor-element-3b5d78f elementor-widget elementor-widget-spacer\" data-id=\"3b5d78f\" data-element_type=\"widget\" data-widget_type=\"spacer.default\">\n\t\t\t\t<div class=\"elementor-widget-container\">\n\t\t\t\t\t<div class=\"elementor-spacer\">\n\t\t\t<div class=\"elementor-spacer-inner\"><\/div>\n\t\t<\/div>\n\t\t\t\t<\/div>\n\t\t\t\t<\/div>\n\t\t\t\t\t<\/div>\n\t\t<\/div>\n\t\t\t\t\t\t\t<\/div>\n\t\t<\/section>\n\t\t\t\t<section class=\"elementor-section elementor-top-section elementor-element elementor-element-8a3d0e5 elementor-section-boxed elementor-section-height-default elementor-section-height-default\" data-id=\"8a3d0e5\" data-element_type=\"section\">\n\t\t\t\t\t\t<div class=\"elementor-container elementor-column-gap-default\">\n\t\t\t\t\t<div class=\"elementor-column elementor-col-100 elementor-top-column elementor-element elementor-element-598d005\" data-id=\"598d005\" data-element_type=\"column\" data-settings=\"{&quot;background_background&quot;:&quot;classic&quot;}\">\n\t\t\t<div class=\"elementor-widget-wrap elementor-element-populated\">\n\t\t\t\t\t\t\t\t<div class=\"elementor-element elementor-element-28d851f elementor-widget__width-auto elementor-widget elementor-widget-text-editor\" data-id=\"28d851f\" data-element_type=\"widget\" data-widget_type=\"text-editor.default\">\n\t\t\t\t<div class=\"elementor-widget-container\">\n\t\t\t\t\t\t\t<h6><span style=\"color: #ffffff;\">HALUATKO TIET\u00c4\u00c4 CASESTA LIS\u00c4\u00c4?<\/span><\/h6><p><span style=\"color: #ffffff;\">Riikka Jakovuori Saraselta juttelee mielell\u00e4\u00e4n kanssasi osaamisen uudistamisesta ja kokemuksistaan SPINNROCKISTA. Tavoitat Riikan\u00a0<\/span><span style=\"color: #ffffff; letter-spacing: 0.3px; text-align: var(--bs-body-text-align);\">numerosta 040\u00a0705 7878.<\/span><\/p><p><span style=\"color: #ffffff;\">Lis\u00e4tietoja casesta antaa my\u00f6s SPINNROCKIN johtava strategisti Sylvia V\u00e4\u00e4n\u00e4nen 050\u00a0586 6418.<\/span><\/p>\t\t\t\t\t\t<\/div>\n\t\t\t\t<\/div>\n\t\t\t\t\t<\/div>\n\t\t<\/div>\n\t\t\t\t\t\t\t<\/div>\n\t\t<\/section>\n\t\t\t\t<section class=\"elementor-section elementor-top-section elementor-element elementor-element-f027440 elementor-section-boxed elementor-section-height-default elementor-section-height-default\" data-id=\"f027440\" data-element_type=\"section\">\n\t\t\t\t\t\t<div class=\"elementor-container elementor-column-gap-default\">\n\t\t\t\t\t<div class=\"elementor-column elementor-col-100 elementor-top-column elementor-element elementor-element-48def47\" data-id=\"48def47\" data-element_type=\"column\">\n\t\t\t<div class=\"elementor-widget-wrap elementor-element-populated\">\n\t\t\t\t\t\t\t\t<div class=\"elementor-element elementor-element-5321a9d elementor-widget elementor-widget-spacer\" data-id=\"5321a9d\" data-element_type=\"widget\" data-widget_type=\"spacer.default\">\n\t\t\t\t<div class=\"elementor-widget-container\">\n\t\t\t\t\t<div class=\"elementor-spacer\">\n\t\t\t<div class=\"elementor-spacer-inner\"><\/div>\n\t\t<\/div>\n\t\t\t\t<\/div>\n\t\t\t\t<\/div>\n\t\t\t\t\t<\/div>\n\t\t<\/div>\n\t\t\t\t\t\t\t<\/div>\n\t\t<\/section>\n\t\t\t\t<section class=\"elementor-section elementor-top-section elementor-element elementor-element-4357ed2 elementor-section-boxed elementor-section-height-default elementor-section-height-default\" data-id=\"4357ed2\" data-element_type=\"section\">\n\t\t\t\t\t\t<div class=\"elementor-container elementor-column-gap-default\">\n\t\t\t\t\t<div class=\"elementor-column elementor-col-100 elementor-top-column elementor-element elementor-element-f506266\" data-id=\"f506266\" data-element_type=\"column\">\n\t\t\t<div class=\"elementor-widget-wrap elementor-element-populated\">\n\t\t\t\t\t\t\t\t<div class=\"elementor-element elementor-element-129f6d4 elementor-align-center elementor-widget elementor-widget-button\" data-id=\"129f6d4\" data-element_type=\"widget\" data-widget_type=\"button.default\">\n\t\t\t\t<div class=\"elementor-widget-container\">\n\t\t\t\t\t<div class=\"elementor-button-wrapper\">\n\t\t\t<a href=\"https:\/\/www.spinnrock.fi\/index.php\/tyot\" class=\"elementor-button-link elementor-button elementor-size-md\" role=\"button\">\n\t\t\t\t\t\t<span class=\"elementor-button-content-wrapper\">\n\t\t\t\t\t\t<span class=\"elementor-button-text\">Takaisin<\/span>\n\t\t<\/span>\n\t\t\t\t\t<\/a>\n\t\t<\/div>\n\t\t\t\t<\/div>\n\t\t\t\t<\/div>\n\t\t\t\t\t<\/div>\n\t\t<\/div>\n\t\t\t\t\t\t\t<\/div>\n\t\t<\/section>\n\t\t\t\t<section class=\"elementor-section elementor-top-section elementor-element elementor-element-96dcac6 elementor-section-boxed elementor-section-height-default elementor-section-height-default\" data-id=\"96dcac6\" data-element_type=\"section\">\n\t\t\t\t\t\t<div class=\"elementor-container elementor-column-gap-default\">\n\t\t\t\t\t<div class=\"elementor-column elementor-col-100 elementor-top-column elementor-element elementor-element-7d71658\" data-id=\"7d71658\" data-element_type=\"column\">\n\t\t\t<div class=\"elementor-widget-wrap elementor-element-populated\">\n\t\t\t\t\t\t\t\t<div class=\"elementor-element elementor-element-40ef5f5 elementor-widget elementor-widget-spacer\" data-id=\"40ef5f5\" data-element_type=\"widget\" data-widget_type=\"spacer.default\">\n\t\t\t\t<div class=\"elementor-widget-container\">\n\t\t\t\t\t<div class=\"elementor-spacer\">\n\t\t\t<div class=\"elementor-spacer-inner\"><\/div>\n\t\t<\/div>\n\t\t\t\t<\/div>\n\t\t\t\t<\/div>\n\t\t\t\t\t<\/div>\n\t\t<\/div>\n\t\t\t\t\t\t\t<\/div>\n\t\t<\/section>\n\t\t\t\t\t\t\t<\/div>\n\t\t","protected":false},"excerpt":{"rendered":"<p>CASE SARANEN CONSULTING OY Kilpailukyky\u00e4 osaamisen uudistamisella \u201dSaranen kilpailee huippuosaamisella. Tiivis yhteisty\u00f6 SPINNROCKIN kanssa auttoi meit\u00e4 muotoilemaan osaamisstrategiamme ja vauhditti kehitysty\u00f6t\u00e4. SPINNROCKIN menetelmill\u00e4 ja ty\u00f6kaluilla varmistimme, ett\u00e4 osaamisstrategiamme perustuu faktoihin olettamuksien sijaan, osaaminen kehittyy oikeassa toimintaymp\u00e4rist\u00f6ss\u00e4 kiinte\u00e4n\u00e4 osana ydinliiketoimintaamme ja osaaminen kasvaa arjessa toimintaan ohjaavan tiekartan mukaisesti.\u201d&nbsp; Riikka Jakovuori | Johtava asiantuntija | Saranen Consulting [&hellip;]<\/p>\n","protected":false},"author":1,"featured_media":0,"parent":0,"menu_order":0,"comment_status":"closed","ping_status":"closed","template":"","meta":[],"_links":{"self":[{"href":"https:\/\/www.spinnrock.fi\/index.php\/wp-json\/wp\/v2\/pages\/2858"}],"collection":[{"href":"https:\/\/www.spinnrock.fi\/index.php\/wp-json\/wp\/v2\/pages"}],"about":[{"href":"https:\/\/www.spinnrock.fi\/index.php\/wp-json\/wp\/v2\/types\/page"}],"author":[{"embeddable":true,"href":"https:\/\/www.spinnrock.fi\/index.php\/wp-json\/wp\/v2\/users\/1"}],"replies":[{"embeddable":true,"href":"https:\/\/www.spinnrock.fi\/index.php\/wp-json\/wp\/v2\/comments?post=2858"}],"version-history":[{"count":84,"href":"https:\/\/www.spinnrock.fi\/index.php\/wp-json\/wp\/v2\/pages\/2858\/revisions"}],"predecessor-version":[{"id":4139,"href":"https:\/\/www.spinnrock.fi\/index.php\/wp-json\/wp\/v2\/pages\/2858\/revisions\/4139"}],"wp:attachment":[{"href":"https:\/\/www.spinnrock.fi\/index.php\/wp-json\/wp\/v2\/media?parent=2858"}],"curies":[{"name":"wp","href":"https:\/\/api.w.org\/{rel}","templated":true}]}}