{"id":2932,"date":"2022-05-26T14:17:25","date_gmt":"2022-05-26T14:17:25","guid":{"rendered":"https:\/\/www.spinnrock.fi\/?page_id=2932"},"modified":"2022-05-30T19:56:51","modified_gmt":"2022-05-30T19:56:51","slug":"tsorakennesuunnittelu","status":"publish","type":"page","link":"https:\/\/www.spinnrock.fi\/index.php\/tsorakennesuunnittelu\/","title":{"rendered":"Case TSO Rakennesuunnittelu Oy"},"content":{"rendered":"\t\t<div data-elementor-type=\"wp-page\" data-elementor-id=\"2932\" class=\"elementor elementor-2932\">\n\t\t\t\t\t\t\t\t\t<section class=\"elementor-section elementor-top-section elementor-element elementor-element-a2a717a elementor-section-boxed elementor-section-height-default elementor-section-height-default\" data-id=\"a2a717a\" data-element_type=\"section\">\n\t\t\t\t\t\t<div class=\"elementor-container elementor-column-gap-default\">\n\t\t\t\t\t<div class=\"elementor-column elementor-col-100 elementor-top-column elementor-element elementor-element-a757d58\" data-id=\"a757d58\" data-element_type=\"column\">\n\t\t\t<div class=\"elementor-widget-wrap elementor-element-populated\">\n\t\t\t\t\t\t\t\t<div class=\"elementor-element elementor-element-04242e0 elementor-widget elementor-widget-spacer\" data-id=\"04242e0\" data-element_type=\"widget\" data-widget_type=\"spacer.default\">\n\t\t\t\t<div class=\"elementor-widget-container\">\n\t\t\t<style>\/*! elementor - v3.6.5 - 27-04-2022 *\/\n.e-container.e-container--row .elementor-spacer-inner{width:var(--spacer-size)}.e-container.e-container--column .elementor-spacer-inner,.elementor-column .elementor-spacer-inner{height:var(--spacer-size)}<\/style>\t\t<div class=\"elementor-spacer\">\n\t\t\t<div class=\"elementor-spacer-inner\"><\/div>\n\t\t<\/div>\n\t\t\t\t<\/div>\n\t\t\t\t<\/div>\n\t\t\t\t\t<\/div>\n\t\t<\/div>\n\t\t\t\t\t\t\t<\/div>\n\t\t<\/section>\n\t\t\t\t<section class=\"elementor-section elementor-top-section elementor-element elementor-element-fc7427f elementor-section-boxed elementor-section-height-default elementor-section-height-default\" data-id=\"fc7427f\" data-element_type=\"section\">\n\t\t\t\t\t\t<div class=\"elementor-container elementor-column-gap-default\">\n\t\t\t\t\t<div class=\"elementor-column elementor-col-100 elementor-top-column elementor-element elementor-element-bef5dec\" data-id=\"bef5dec\" data-element_type=\"column\">\n\t\t\t<div class=\"elementor-widget-wrap elementor-element-populated\">\n\t\t\t\t\t\t\t\t<div class=\"elementor-element elementor-element-8394a38 elementor-widget elementor-widget-heading\" data-id=\"8394a38\" data-element_type=\"widget\" data-widget_type=\"heading.default\">\n\t\t\t\t<div class=\"elementor-widget-container\">\n\t\t\t<style>\/*! elementor - v3.6.5 - 27-04-2022 *\/\n.elementor-heading-title{padding:0;margin:0;line-height:1}.elementor-widget-heading .elementor-heading-title[class*=elementor-size-]>a{color:inherit;font-size:inherit;line-height:inherit}.elementor-widget-heading .elementor-heading-title.elementor-size-small{font-size:15px}.elementor-widget-heading .elementor-heading-title.elementor-size-medium{font-size:19px}.elementor-widget-heading .elementor-heading-title.elementor-size-large{font-size:29px}.elementor-widget-heading .elementor-heading-title.elementor-size-xl{font-size:39px}.elementor-widget-heading .elementor-heading-title.elementor-size-xxl{font-size:59px}<\/style><h2 class=\"elementor-heading-title elementor-size-default\"><h3 style=\"white-space: normal;\">CASE TSO RAKENNESUUNNITTELU OY<\/h3><h5 style=\"white-space: normal;\">Arjen sujuvuutta uusilla johtamisen k\u00e4yt\u00e4nn\u00f6ill\u00e4<\/h5><\/h2>\t\t<\/div>\n\t\t\t\t<\/div>\n\t\t\t\t<div class=\"elementor-element elementor-element-53c2eb2 elementor-widget elementor-widget-spacer\" data-id=\"53c2eb2\" data-element_type=\"widget\" data-widget_type=\"spacer.default\">\n\t\t\t\t<div class=\"elementor-widget-container\">\n\t\t\t\t\t<div class=\"elementor-spacer\">\n\t\t\t<div class=\"elementor-spacer-inner\"><\/div>\n\t\t<\/div>\n\t\t\t\t<\/div>\n\t\t\t\t<\/div>\n\t\t\t\t\t<\/div>\n\t\t<\/div>\n\t\t\t\t\t\t\t<\/div>\n\t\t<\/section>\n\t\t\t\t<section class=\"elementor-section elementor-top-section elementor-element elementor-element-aac9eb8 elementor-section-boxed elementor-section-height-default elementor-section-height-default\" data-id=\"aac9eb8\" data-element_type=\"section\">\n\t\t\t\t\t\t<div class=\"elementor-container elementor-column-gap-default\">\n\t\t\t\t\t<div class=\"elementor-column elementor-col-100 elementor-top-column elementor-element elementor-element-9dd059b\" data-id=\"9dd059b\" data-element_type=\"column\">\n\t\t\t<div class=\"elementor-widget-wrap elementor-element-populated\">\n\t\t\t\t\t\t\t\t<section class=\"elementor-section elementor-inner-section elementor-element elementor-element-c5ece9e elementor-section-boxed elementor-section-height-default elementor-section-height-default\" data-id=\"c5ece9e\" data-element_type=\"section\">\n\t\t\t\t\t\t<div class=\"elementor-container elementor-column-gap-default\">\n\t\t\t\t\t<div class=\"elementor-column elementor-col-33 elementor-inner-column elementor-element elementor-element-34efb2d\" data-id=\"34efb2d\" data-element_type=\"column\">\n\t\t\t<div class=\"elementor-widget-wrap elementor-element-populated\">\n\t\t\t\t\t\t\t\t<div class=\"elementor-element elementor-element-86f2ba5 elementor-widget elementor-widget-image\" data-id=\"86f2ba5\" data-element_type=\"widget\" data-widget_type=\"image.default\">\n\t\t\t\t<div class=\"elementor-widget-container\">\n\t\t\t<style>\/*! elementor - v3.6.5 - 27-04-2022 *\/\n.elementor-widget-image{text-align:center}.elementor-widget-image a{display:inline-block}.elementor-widget-image a img[src$=\".svg\"]{width:48px}.elementor-widget-image img{vertical-align:middle;display:inline-block}<\/style>\t\t\t\t\t\t\t\t\t\t\t\t<img width=\"300\" height=\"300\" src=\"https:\/\/www.spinnrock.fi\/wp-content\/uploads\/2022\/05\/TSormunen_MV-300x300.jpg\" class=\"attachment-medium size-medium\" alt=\"\" loading=\"lazy\" srcset=\"https:\/\/www.spinnrock.fi\/wp-content\/uploads\/2022\/05\/TSormunen_MV-300x300.jpg 300w, https:\/\/www.spinnrock.fi\/wp-content\/uploads\/2022\/05\/TSormunen_MV-150x150.jpg 150w, https:\/\/www.spinnrock.fi\/wp-content\/uploads\/2022\/05\/TSormunen_MV-473x472.jpg 473w, https:\/\/www.spinnrock.fi\/wp-content\/uploads\/2022\/05\/TSormunen_MV.jpg 641w\" sizes=\"(max-width: 300px) 100vw, 300px\" \/>\t\t\t\t\t\t\t\t\t\t\t\t\t\t\t<\/div>\n\t\t\t\t<\/div>\n\t\t\t\t\t<\/div>\n\t\t<\/div>\n\t\t\t\t<div class=\"elementor-column elementor-col-33 elementor-inner-column elementor-element elementor-element-39d7663\" data-id=\"39d7663\" data-element_type=\"column\">\n\t\t\t<div class=\"elementor-widget-wrap\">\n\t\t\t\t\t\t\t\t\t<\/div>\n\t\t<\/div>\n\t\t\t\t<div class=\"elementor-column elementor-col-33 elementor-inner-column elementor-element elementor-element-7153970\" data-id=\"7153970\" data-element_type=\"column\">\n\t\t\t<div class=\"elementor-widget-wrap elementor-element-populated\">\n\t\t\t\t\t\t\t\t<div class=\"elementor-element elementor-element-2721c8b elementor-widget elementor-widget-text-editor\" data-id=\"2721c8b\" data-element_type=\"widget\" data-widget_type=\"text-editor.default\">\n\t\t\t\t<div class=\"elementor-widget-container\">\n\t\t\t<style>\/*! elementor - v3.6.5 - 27-04-2022 *\/\n.elementor-widget-text-editor.elementor-drop-cap-view-stacked .elementor-drop-cap{background-color:#818a91;color:#fff}.elementor-widget-text-editor.elementor-drop-cap-view-framed .elementor-drop-cap{color:#818a91;border:3px solid;background-color:transparent}.elementor-widget-text-editor:not(.elementor-drop-cap-view-default) .elementor-drop-cap{margin-top:8px}.elementor-widget-text-editor:not(.elementor-drop-cap-view-default) .elementor-drop-cap-letter{width:1em;height:1em}.elementor-widget-text-editor .elementor-drop-cap{float:left;text-align:center;line-height:1;font-size:50px}.elementor-widget-text-editor .elementor-drop-cap-letter{display:inline-block}<\/style>\t\t\t\t<p><b>\u201dSPINNROCK auttoi meit\u00e4 ymm\u00e4rt\u00e4m\u00e4\u00e4n mink\u00e4 tasoista asiakaskokemusta tuotamme ja asettamaan konkreettisia tavoitteita kriittisiin asiakaspolun vaiheisiin. Me haluamme tuottaa alan parasta asiakaskokemusta ja SPINNROCKIN ev\u00e4ill\u00e4 me olemme\u00a0 hyv\u00e4ll\u00e4 matkalla kohti tavoitettamme.\u201d<\/b><\/p><p><b>Timo Sormunen | Toimitusjohtaja | TSO RAKENNESUUNNITTELU<\/b><\/p>\t\t\t\t\t\t<\/div>\n\t\t\t\t<\/div>\n\t\t\t\t\t<\/div>\n\t\t<\/div>\n\t\t\t\t\t\t\t<\/div>\n\t\t<\/section>\n\t\t\t\t\t<\/div>\n\t\t<\/div>\n\t\t\t\t\t\t\t<\/div>\n\t\t<\/section>\n\t\t\t\t<section class=\"elementor-section elementor-top-section elementor-element elementor-element-736b1aa elementor-section-boxed elementor-section-height-default elementor-section-height-default\" data-id=\"736b1aa\" data-element_type=\"section\">\n\t\t\t\t\t\t<div class=\"elementor-container elementor-column-gap-default\">\n\t\t\t\t\t<div class=\"elementor-column elementor-col-100 elementor-top-column elementor-element elementor-element-d3db10b\" data-id=\"d3db10b\" data-element_type=\"column\">\n\t\t\t<div class=\"elementor-widget-wrap elementor-element-populated\">\n\t\t\t\t\t\t\t\t<div class=\"elementor-element elementor-element-50ebb49 elementor-widget elementor-widget-spacer\" data-id=\"50ebb49\" data-element_type=\"widget\" data-widget_type=\"spacer.default\">\n\t\t\t\t<div class=\"elementor-widget-container\">\n\t\t\t\t\t<div class=\"elementor-spacer\">\n\t\t\t<div class=\"elementor-spacer-inner\"><\/div>\n\t\t<\/div>\n\t\t\t\t<\/div>\n\t\t\t\t<\/div>\n\t\t\t\t<div class=\"elementor-element elementor-element-31ae792 elementor-widget elementor-widget-heading\" data-id=\"31ae792\" data-element_type=\"widget\" data-widget_type=\"heading.default\">\n\t\t\t\t<div class=\"elementor-widget-container\">\n\t\t\t<h2 class=\"elementor-heading-title elementor-size-medium\">MAHDOLLISUUS<\/h2>\t\t<\/div>\n\t\t\t\t<\/div>\n\t\t\t\t\t<\/div>\n\t\t<\/div>\n\t\t\t\t\t\t\t<\/div>\n\t\t<\/section>\n\t\t\t\t<section class=\"elementor-section elementor-top-section elementor-element elementor-element-1208546 elementor-section-boxed elementor-section-height-default elementor-section-height-default\" data-id=\"1208546\" data-element_type=\"section\">\n\t\t\t\t\t\t<div class=\"elementor-container elementor-column-gap-default\">\n\t\t\t\t\t<div class=\"elementor-column elementor-col-100 elementor-top-column elementor-element elementor-element-bbc0617\" data-id=\"bbc0617\" data-element_type=\"column\">\n\t\t\t<div class=\"elementor-widget-wrap elementor-element-populated\">\n\t\t\t\t\t\t\t\t<div class=\"elementor-element elementor-element-555f93f elementor-widget elementor-widget-text-editor\" data-id=\"555f93f\" data-element_type=\"widget\" data-widget_type=\"text-editor.default\">\n\t\t\t\t<div class=\"elementor-widget-container\">\n\t\t\t\t\t\t\t<p><span style=\"font-family: Verdana, sans-serif; letter-spacing: 0.3px;\">TSO RAKENNESUUNNITTELU Oy halusi tunnistaa miten kilpailukykyist\u00e4 asiakaskokemusta he tuottavat ja mit\u00e4 tulee tehd\u00e4 jatkossa toisin, jotta asiakaskokemus olisi markkinoiden parasta.<\/span><\/p>\t\t\t\t\t\t<\/div>\n\t\t\t\t<\/div>\n\t\t\t\t\t<\/div>\n\t\t<\/div>\n\t\t\t\t\t\t\t<\/div>\n\t\t<\/section>\n\t\t\t\t<section class=\"elementor-section elementor-top-section elementor-element elementor-element-54b6217 elementor-section-boxed elementor-section-height-default elementor-section-height-default\" data-id=\"54b6217\" data-element_type=\"section\">\n\t\t\t\t\t\t<div class=\"elementor-container elementor-column-gap-default\">\n\t\t\t\t\t<div class=\"elementor-column elementor-col-100 elementor-top-column elementor-element elementor-element-443c551\" data-id=\"443c551\" data-element_type=\"column\">\n\t\t\t<div class=\"elementor-widget-wrap elementor-element-populated\">\n\t\t\t\t\t\t\t\t<div class=\"elementor-element elementor-element-2b39ae7 elementor-widget elementor-widget-heading\" data-id=\"2b39ae7\" data-element_type=\"widget\" data-widget_type=\"heading.default\">\n\t\t\t\t<div class=\"elementor-widget-container\">\n\t\t\t<h2 class=\"elementor-heading-title elementor-size-medium\">RATKAISU<\/h2>\t\t<\/div>\n\t\t\t\t<\/div>\n\t\t\t\t\t<\/div>\n\t\t<\/div>\n\t\t\t\t\t\t\t<\/div>\n\t\t<\/section>\n\t\t\t\t<section class=\"elementor-section elementor-top-section elementor-element elementor-element-1a2b6f4 elementor-section-boxed elementor-section-height-default elementor-section-height-default\" data-id=\"1a2b6f4\" data-element_type=\"section\">\n\t\t\t\t\t\t<div class=\"elementor-container elementor-column-gap-default\">\n\t\t\t\t\t<div class=\"elementor-column elementor-col-100 elementor-top-column elementor-element elementor-element-cb615de\" data-id=\"cb615de\" data-element_type=\"column\">\n\t\t\t<div class=\"elementor-widget-wrap elementor-element-populated\">\n\t\t\t\t\t\t\t\t<div class=\"elementor-element elementor-element-10e0898 elementor-widget elementor-widget-text-editor\" data-id=\"10e0898\" data-element_type=\"widget\" data-widget_type=\"text-editor.default\">\n\t\t\t\t<div class=\"elementor-widget-container\">\n\t\t\t\t\t\t\t<p style=\"font-family: Verdana, sans-serif; letter-spacing: 0.3px;\">Spinnrock valmensi ja sparrasi TSO RAKENNESUUNNITTELU Oy:n asiantuntijoita asiakaspolkujen ja niit\u00e4 mukailevan asiakastutkimuksen suunnittelussa ja toteutuksessa. Tutkimus muodostui v\u00e4itt\u00e4mist\u00e4, joita asiakkaat arvioivat omaan kokemukseensa perustuen. Tutkimuksen kautta tunnistettiin TSO RAKENNESUUNNITTELU Oy:n asiakaskokemuksen kipukohdat ja numeeriset l\u00e4ht\u00f6arvot.<\/p><p style=\"font-family: Verdana, sans-serif; letter-spacing: 0.3px;\">Tutkimuksen j\u00e4lkeen Spinnrock toteutti sarjan ty\u00f6pajoja miss\u00e4 analysoitiin tutkimuksessa tunnistettujen asiakaskokemuksen kipukohtien juurisyit\u00e4 ja liiketoiminnallisia vaikutuksia. Sen j\u00e4lkeen ideoitiin ja muotoiltiin asiakaslupauksia ja ratkaisuja sek\u00e4 suunniteltiin, miten ratkaisut vied\u00e4\u00e4n osaksi TSO RAKENNESUUNNITTELU Oy:n ja heid\u00e4n asiakkaiden arkea. Ratkaisuiden muotoilua edelsi Spinnrockin toteuttamat asiakashaastattelut. Haastatteluissa keskityttiin asiakastarpeiden syvent\u00e4miseen ja alustavien kehitysideoiden testaamiseen.<\/p>\t\t\t\t\t\t<\/div>\n\t\t\t\t<\/div>\n\t\t\t\t\t<\/div>\n\t\t<\/div>\n\t\t\t\t\t\t\t<\/div>\n\t\t<\/section>\n\t\t\t\t<section class=\"elementor-section elementor-top-section elementor-element elementor-element-0e38f88 elementor-section-boxed elementor-section-height-default elementor-section-height-default\" data-id=\"0e38f88\" data-element_type=\"section\">\n\t\t\t\t\t\t<div class=\"elementor-container elementor-column-gap-default\">\n\t\t\t\t\t<div class=\"elementor-column elementor-col-100 elementor-top-column elementor-element elementor-element-a67d4ba\" data-id=\"a67d4ba\" data-element_type=\"column\">\n\t\t\t<div class=\"elementor-widget-wrap elementor-element-populated\">\n\t\t\t\t\t\t\t\t<div class=\"elementor-element elementor-element-3e50952 elementor-widget elementor-widget-heading\" data-id=\"3e50952\" data-element_type=\"widget\" data-widget_type=\"heading.default\">\n\t\t\t\t<div class=\"elementor-widget-container\">\n\t\t\t<h2 class=\"elementor-heading-title elementor-size-medium\">TULOS<\/h2>\t\t<\/div>\n\t\t\t\t<\/div>\n\t\t\t\t\t<\/div>\n\t\t<\/div>\n\t\t\t\t\t\t\t<\/div>\n\t\t<\/section>\n\t\t\t\t<section class=\"elementor-section elementor-top-section elementor-element elementor-element-3c860e5 elementor-section-boxed elementor-section-height-default elementor-section-height-default\" data-id=\"3c860e5\" data-element_type=\"section\">\n\t\t\t\t\t\t<div class=\"elementor-container elementor-column-gap-default\">\n\t\t\t\t\t<div class=\"elementor-column elementor-col-100 elementor-top-column elementor-element elementor-element-8846593\" data-id=\"8846593\" data-element_type=\"column\">\n\t\t\t<div class=\"elementor-widget-wrap elementor-element-populated\">\n\t\t\t\t\t\t\t\t<div class=\"elementor-element elementor-element-9249224 elementor-widget elementor-widget-text-editor\" data-id=\"9249224\" data-element_type=\"widget\" data-widget_type=\"text-editor.default\">\n\t\t\t\t<div class=\"elementor-widget-container\">\n\t\t\t\t\t\t\t<p style=\"font-family: Verdana, sans-serif; letter-spacing: 0.3px;\">Spinnrock tuotti projektin lopputuloksena asiakaskokemuksen ja kilpailukyvyn kehitt\u00e4misen tiekartan, jonka avulla TSO RAKENNESUUNNITTELU Oy kehitt\u00e4\u00e4 ja optimoi toimintaansa markkina-aseman vahvistamiseksi mm. seuraavien asioiden osalta:<\/p><p style=\"font-family: Verdana, sans-serif; letter-spacing: 0.3px;\">\u2013 Tarjousk\u00e4yt\u00e4nt\u00f6jen parantaminen<br \/>\u2013 Suunnittelun k\u00e4yt\u00e4nt\u00f6jen kehitt\u00e4minen<br \/>\u2013 Tietomallinnuksen k\u00e4ytt\u00f6\u00f6notto<br \/>\u2013 Hankkeiden yhteenvetok\u00e4yt\u00e4nt\u00f6jen uudistaminen<br \/>\u2013 Verkkosivuston asiakasl\u00e4ht\u00f6inen uudistaminen<\/p><p style=\"font-family: Verdana, sans-serif; letter-spacing: 0.3px;\">Osana kehitt\u00e4mist\u00e4 TSO RAKENNESUUNNITTELU Oy luotiin my\u00f6s toimintamalli, k\u00e4yt\u00e4nn\u00f6t ja ty\u00f6kalu kilpailukyvyn jatkuvaan mittaamiseen ja kehitt\u00e4miseen.<\/p>\t\t\t\t\t\t<\/div>\n\t\t\t\t<\/div>\n\t\t\t\t\t<\/div>\n\t\t<\/div>\n\t\t\t\t\t\t\t<\/div>\n\t\t<\/section>\n\t\t\t\t<section class=\"elementor-section elementor-top-section elementor-element elementor-element-374ad10 elementor-section-boxed elementor-section-height-default elementor-section-height-default\" data-id=\"374ad10\" data-element_type=\"section\">\n\t\t\t\t\t\t<div class=\"elementor-container elementor-column-gap-default\">\n\t\t\t\t\t<div class=\"elementor-column elementor-col-100 elementor-top-column elementor-element elementor-element-575d70a\" data-id=\"575d70a\" data-element_type=\"column\">\n\t\t\t<div class=\"elementor-widget-wrap elementor-element-populated\">\n\t\t\t\t\t\t\t\t<div class=\"elementor-element elementor-element-350418a elementor-widget elementor-widget-heading\" data-id=\"350418a\" data-element_type=\"widget\" data-widget_type=\"heading.default\">\n\t\t\t\t<div class=\"elementor-widget-container\">\n\t\t\t<h2 class=\"elementor-heading-title elementor-size-medium\">TSO RAKENNESUUNNITTELU OY<\/h2>\t\t<\/div>\n\t\t\t\t<\/div>\n\t\t\t\t\t<\/div>\n\t\t<\/div>\n\t\t\t\t\t\t\t<\/div>\n\t\t<\/section>\n\t\t\t\t<section class=\"elementor-section elementor-top-section elementor-element elementor-element-296c6a8 elementor-section-boxed elementor-section-height-default elementor-section-height-default\" data-id=\"296c6a8\" data-element_type=\"section\">\n\t\t\t\t\t\t<div class=\"elementor-container elementor-column-gap-default\">\n\t\t\t\t\t<div class=\"elementor-column elementor-col-100 elementor-top-column elementor-element elementor-element-06177c3\" data-id=\"06177c3\" data-element_type=\"column\">\n\t\t\t<div class=\"elementor-widget-wrap elementor-element-populated\">\n\t\t\t\t\t\t\t\t<div class=\"elementor-element elementor-element-1258b27 elementor-widget elementor-widget-text-editor\" data-id=\"1258b27\" data-element_type=\"widget\" data-widget_type=\"text-editor.default\">\n\t\t\t\t<div class=\"elementor-widget-container\">\n\t\t\t\t\t\t\t<h5><span style=\"font-family: Verdana, sans-serif; font-size: 16px; letter-spacing: 0.3px; color: rgb(110, 110, 110); font-weight: 400; text-align: var(--bs-body-text-align);\">TSO RAKENNESUUNNITTELU Oy on rakennusalan t\u00e4yden palvelun konsultti- ja suunnittelutoimisto, joka on palvellut asiakkaitaan yli 10 vuoden ajan. Yrityksen toimintaa ohjaa asiakkaan etu ja tyytyv\u00e4isyys. TSO RAKENNESUUNNITTELU Oy:n liikevaihto vuonna 2020 oli miljoona euroa.<\/span><br><\/h5>\n<p><a href=\"https:\/\/www.tsor.fi\/\" target=\"_blank\" rel=\"noopener\">Tutustu TSO RAKENNESUUNNITTELU Oy:n t\u00e4st\u00e4.<\/a><\/p>\t\t\t\t\t\t<\/div>\n\t\t\t\t<\/div>\n\t\t\t\t\t<\/div>\n\t\t<\/div>\n\t\t\t\t\t\t\t<\/div>\n\t\t<\/section>\n\t\t\t\t<section class=\"elementor-section elementor-top-section elementor-element elementor-element-75d23ee elementor-section-boxed elementor-section-height-default elementor-section-height-default\" data-id=\"75d23ee\" data-element_type=\"section\">\n\t\t\t\t\t\t<div class=\"elementor-container elementor-column-gap-default\">\n\t\t\t\t\t<div class=\"elementor-column elementor-col-100 elementor-top-column elementor-element elementor-element-d96766d\" data-id=\"d96766d\" data-element_type=\"column\">\n\t\t\t<div class=\"elementor-widget-wrap elementor-element-populated\">\n\t\t\t\t\t\t\t\t<div class=\"elementor-element elementor-element-6a3d1af elementor-widget elementor-widget-spacer\" data-id=\"6a3d1af\" data-element_type=\"widget\" data-widget_type=\"spacer.default\">\n\t\t\t\t<div class=\"elementor-widget-container\">\n\t\t\t\t\t<div class=\"elementor-spacer\">\n\t\t\t<div class=\"elementor-spacer-inner\"><\/div>\n\t\t<\/div>\n\t\t\t\t<\/div>\n\t\t\t\t<\/div>\n\t\t\t\t\t<\/div>\n\t\t<\/div>\n\t\t\t\t\t\t\t<\/div>\n\t\t<\/section>\n\t\t\t\t<section class=\"elementor-section elementor-top-section elementor-element elementor-element-1692719 elementor-section-boxed elementor-section-height-default elementor-section-height-default\" data-id=\"1692719\" data-element_type=\"section\">\n\t\t\t\t\t\t<div class=\"elementor-container elementor-column-gap-default\">\n\t\t\t\t\t<div class=\"elementor-column elementor-col-100 elementor-top-column elementor-element elementor-element-1d93660\" data-id=\"1d93660\" data-element_type=\"column\">\n\t\t\t<div class=\"elementor-widget-wrap elementor-element-populated\">\n\t\t\t\t\t\t\t\t<div class=\"elementor-element elementor-element-46098fd elementor-widget elementor-widget-text-editor\" data-id=\"46098fd\" data-element_type=\"widget\" data-widget_type=\"text-editor.default\">\n\t\t\t\t<div class=\"elementor-widget-container\">\n\t\t\t\t\t\t\t<h6><span style=\"color: #ffffff;\"><b>HALUATKO TIET\u00c4\u00c4 CASESTA LIS\u00c4\u00c4?<\/b><\/span><\/h6><p><span style=\"color: #ffffff;\">Timo Sormunen TSO RAKENNESUUNNITTELUsta juttelee mielell\u00e4\u00e4n kanssasi liiketoiminnan kehitt\u00e4misest\u00e4 ja kokemuksistaan SPINNROCKISTA. Tavoitat Timon numerosta 010 320 1521.<\/span><\/p><p><span style=\"color: #ffffff;\">Lis\u00e4tietoja casesta antaa my\u00f6s SPINNROCKIN johtava strategisti Sylvia V\u00e4\u00e4n\u00e4nen 050\u00a0586 6418.<\/span><\/p>\t\t\t\t\t\t<\/div>\n\t\t\t\t<\/div>\n\t\t\t\t\t<\/div>\n\t\t<\/div>\n\t\t\t\t\t\t\t<\/div>\n\t\t<\/section>\n\t\t\t\t<section class=\"elementor-section elementor-top-section elementor-element elementor-element-b45c102 elementor-section-boxed elementor-section-height-default elementor-section-height-default\" data-id=\"b45c102\" data-element_type=\"section\">\n\t\t\t\t\t\t<div class=\"elementor-container elementor-column-gap-default\">\n\t\t\t\t\t<div class=\"elementor-column elementor-col-100 elementor-top-column elementor-element elementor-element-0cd8f24\" data-id=\"0cd8f24\" data-element_type=\"column\">\n\t\t\t<div class=\"elementor-widget-wrap elementor-element-populated\">\n\t\t\t\t\t\t\t\t<div class=\"elementor-element elementor-element-70e00d9 elementor-widget elementor-widget-spacer\" data-id=\"70e00d9\" data-element_type=\"widget\" data-widget_type=\"spacer.default\">\n\t\t\t\t<div class=\"elementor-widget-container\">\n\t\t\t\t\t<div class=\"elementor-spacer\">\n\t\t\t<div class=\"elementor-spacer-inner\"><\/div>\n\t\t<\/div>\n\t\t\t\t<\/div>\n\t\t\t\t<\/div>\n\t\t\t\t\t<\/div>\n\t\t<\/div>\n\t\t\t\t\t\t\t<\/div>\n\t\t<\/section>\n\t\t\t\t<section class=\"elementor-section elementor-top-section elementor-element elementor-element-09fb516 elementor-section-boxed elementor-section-height-default elementor-section-height-default\" data-id=\"09fb516\" data-element_type=\"section\">\n\t\t\t\t\t\t<div class=\"elementor-container elementor-column-gap-default\">\n\t\t\t\t\t<div class=\"elementor-column elementor-col-100 elementor-top-column elementor-element elementor-element-017e690\" data-id=\"017e690\" data-element_type=\"column\">\n\t\t\t<div class=\"elementor-widget-wrap elementor-element-populated\">\n\t\t\t\t\t\t\t\t<div class=\"elementor-element elementor-element-3906ca6 elementor-align-center elementor-widget elementor-widget-button\" data-id=\"3906ca6\" data-element_type=\"widget\" data-widget_type=\"button.default\">\n\t\t\t\t<div class=\"elementor-widget-container\">\n\t\t\t\t\t<div class=\"elementor-button-wrapper\">\n\t\t\t<a href=\"https:\/\/www.spinnrock.fi\/index.php\/tyot\" class=\"elementor-button-link elementor-button elementor-size-md\" role=\"button\">\n\t\t\t\t\t\t<span class=\"elementor-button-content-wrapper\">\n\t\t\t\t\t\t<span class=\"elementor-button-text\">Takaisin<\/span>\n\t\t<\/span>\n\t\t\t\t\t<\/a>\n\t\t<\/div>\n\t\t\t\t<\/div>\n\t\t\t\t<\/div>\n\t\t\t\t\t<\/div>\n\t\t<\/div>\n\t\t\t\t\t\t\t<\/div>\n\t\t<\/section>\n\t\t\t\t<section class=\"elementor-section elementor-top-section elementor-element elementor-element-99c8b1b elementor-section-boxed elementor-section-height-default elementor-section-height-default\" data-id=\"99c8b1b\" data-element_type=\"section\">\n\t\t\t\t\t\t<div class=\"elementor-container elementor-column-gap-default\">\n\t\t\t\t\t<div class=\"elementor-column elementor-col-100 elementor-top-column elementor-element elementor-element-a045dfa\" data-id=\"a045dfa\" data-element_type=\"column\">\n\t\t\t<div class=\"elementor-widget-wrap elementor-element-populated\">\n\t\t\t\t\t\t\t\t<div class=\"elementor-element elementor-element-b3ab791 elementor-widget elementor-widget-spacer\" data-id=\"b3ab791\" data-element_type=\"widget\" data-widget_type=\"spacer.default\">\n\t\t\t\t<div class=\"elementor-widget-container\">\n\t\t\t\t\t<div class=\"elementor-spacer\">\n\t\t\t<div class=\"elementor-spacer-inner\"><\/div>\n\t\t<\/div>\n\t\t\t\t<\/div>\n\t\t\t\t<\/div>\n\t\t\t\t\t<\/div>\n\t\t<\/div>\n\t\t\t\t\t\t\t<\/div>\n\t\t<\/section>\n\t\t\t\t\t\t\t<\/div>\n\t\t","protected":false},"excerpt":{"rendered":"<p>CASE TSO RAKENNESUUNNITTELU OY Arjen sujuvuutta uusilla johtamisen k\u00e4yt\u00e4nn\u00f6ill\u00e4 \u201dSPINNROCK auttoi meit\u00e4 ymm\u00e4rt\u00e4m\u00e4\u00e4n mink\u00e4 tasoista asiakaskokemusta tuotamme ja asettamaan konkreettisia tavoitteita kriittisiin asiakaspolun vaiheisiin. Me haluamme tuottaa alan parasta asiakaskokemusta ja SPINNROCKIN ev\u00e4ill\u00e4 me olemme\u00a0 hyv\u00e4ll\u00e4 matkalla kohti tavoitettamme.\u201d Timo Sormunen | Toimitusjohtaja | TSO RAKENNESUUNNITTELU MAHDOLLISUUS TSO RAKENNESUUNNITTELU Oy halusi tunnistaa miten kilpailukykyist\u00e4 asiakaskokemusta [&hellip;]<\/p>\n","protected":false},"author":1,"featured_media":0,"parent":0,"menu_order":0,"comment_status":"closed","ping_status":"closed","template":"","meta":[],"_links":{"self":[{"href":"https:\/\/www.spinnrock.fi\/index.php\/wp-json\/wp\/v2\/pages\/2932"}],"collection":[{"href":"https:\/\/www.spinnrock.fi\/index.php\/wp-json\/wp\/v2\/pages"}],"about":[{"href":"https:\/\/www.spinnrock.fi\/index.php\/wp-json\/wp\/v2\/types\/page"}],"author":[{"embeddable":true,"href":"https:\/\/www.spinnrock.fi\/index.php\/wp-json\/wp\/v2\/users\/1"}],"replies":[{"embeddable":true,"href":"https:\/\/www.spinnrock.fi\/index.php\/wp-json\/wp\/v2\/comments?post=2932"}],"version-history":[{"count":82,"href":"https:\/\/www.spinnrock.fi\/index.php\/wp-json\/wp\/v2\/pages\/2932\/revisions"}],"predecessor-version":[{"id":4058,"href":"https:\/\/www.spinnrock.fi\/index.php\/wp-json\/wp\/v2\/pages\/2932\/revisions\/4058"}],"wp:attachment":[{"href":"https:\/\/www.spinnrock.fi\/index.php\/wp-json\/wp\/v2\/media?parent=2932"}],"curies":[{"name":"wp","href":"https:\/\/api.w.org\/{rel}","templated":true}]}}