{"id":3573,"date":"2022-05-29T16:28:08","date_gmt":"2022-05-29T16:28:08","guid":{"rendered":"https:\/\/www.spinnrock.fi\/?page_id=3573"},"modified":"2022-05-29T16:44:50","modified_gmt":"2022-05-29T16:44:50","slug":"tietosuojaseloste","status":"publish","type":"page","link":"https:\/\/www.spinnrock.fi\/index.php\/tietosuojaseloste\/","title":{"rendered":"Tietosuojaseloste"},"content":{"rendered":"\t\t<div data-elementor-type=\"wp-page\" data-elementor-id=\"3573\" class=\"elementor elementor-3573\">\n\t\t\t\t\t\t\t\t\t<section class=\"elementor-section elementor-top-section elementor-element elementor-element-984bd86 elementor-section-boxed elementor-section-height-default elementor-section-height-default\" data-id=\"984bd86\" data-element_type=\"section\">\n\t\t\t\t\t\t<div class=\"elementor-container elementor-column-gap-default\">\n\t\t\t\t\t<div class=\"elementor-column elementor-col-100 elementor-top-column elementor-element elementor-element-acc44de\" data-id=\"acc44de\" data-element_type=\"column\">\n\t\t\t<div class=\"elementor-widget-wrap elementor-element-populated\">\n\t\t\t\t\t\t\t\t<div class=\"elementor-element elementor-element-315449e elementor-widget elementor-widget-spacer\" data-id=\"315449e\" data-element_type=\"widget\" data-widget_type=\"spacer.default\">\n\t\t\t\t<div class=\"elementor-widget-container\">\n\t\t\t<style>\/*! elementor - v3.6.5 - 27-04-2022 *\/\n.e-container.e-container--row .elementor-spacer-inner{width:var(--spacer-size)}.e-container.e-container--column .elementor-spacer-inner,.elementor-column .elementor-spacer-inner{height:var(--spacer-size)}<\/style>\t\t<div class=\"elementor-spacer\">\n\t\t\t<div class=\"elementor-spacer-inner\"><\/div>\n\t\t<\/div>\n\t\t\t\t<\/div>\n\t\t\t\t<\/div>\n\t\t\t\t<div class=\"elementor-element elementor-element-de14bfd elementor-widget elementor-widget-text-editor\" data-id=\"de14bfd\" data-element_type=\"widget\" data-widget_type=\"text-editor.default\">\n\t\t\t\t<div class=\"elementor-widget-container\">\n\t\t\t<style>\/*! elementor - v3.6.5 - 27-04-2022 *\/\n.elementor-widget-text-editor.elementor-drop-cap-view-stacked .elementor-drop-cap{background-color:#818a91;color:#fff}.elementor-widget-text-editor.elementor-drop-cap-view-framed .elementor-drop-cap{color:#818a91;border:3px solid;background-color:transparent}.elementor-widget-text-editor:not(.elementor-drop-cap-view-default) .elementor-drop-cap{margin-top:8px}.elementor-widget-text-editor:not(.elementor-drop-cap-view-default) .elementor-drop-cap-letter{width:1em;height:1em}.elementor-widget-text-editor .elementor-drop-cap{float:left;text-align:center;line-height:1;font-size:50px}.elementor-widget-text-editor .elementor-drop-cap-letter{display:inline-block}<\/style>\t\t\t\t<p>T\u00e4m\u00e4 on EU:n yleisen tietosuoja-asetuksen (GDPR) mukainen rekisteri- ja tietosuojaseloste.<\/p><p><strong>Rekisterin nimi<br \/><\/strong>SPINNROCK-verkkosivujen asiakasrekisteri.<\/p><p><strong>Rekisterinpit\u00e4j\u00e4<br \/><\/strong>SPINNROCK<br \/>Kuusitie 14 A 39<br \/>00270 Helsinki<br \/>Y-tunnus 3232009-2<\/p><p><strong>Yhteyshenkil\u00f6 rekisteri\u00e4 koskevissa asioissa<br \/><\/strong>Sylvia V\u00e4\u00e4n\u00e4nen<br \/>050\u00a0586 6418<br \/><a href=\"mailto:sylvia.vaananen@spinnrock.fi\">sylvia.vaananen@spinnrock.fi<\/a><\/p><p><strong>Henkil\u00f6tietojen k\u00e4sittelyn tarkoitus<br \/><\/strong>Henkil\u00f6tietoja k\u00e4sitell\u00e4\u00e4n yhteydenottojen perusteella asiakkuussuhteiden yll\u00e4pitoon ja kehitt\u00e4miseen.<\/p><p><strong>Rekisterin tietosis\u00e4lt\u00f6<br \/>\u2013 <\/strong>Nimi<br \/>\u2013 Puhelinnumero<br \/>\u2013 S\u00e4hk\u00f6posti<br \/>\u2013 Palvelun j\u00e4rjest\u00e4misen edellytt\u00e4m\u00e4t tarpeelliset tiedot<br \/>\u2013 Rekister\u00f6idyn itse tuottama sis\u00e4lt\u00f6<\/p><p><strong>S\u00e4\u00e4nn\u00f6nmukaiset tietol\u00e4hteet<br \/><\/strong>Henkil\u00f6tietoja ker\u00e4t\u00e4\u00e4n k\u00e4ytt\u00e4j\u00e4lt\u00e4 verkkosivujen yhteydenottolomakkeen kautta ja palvelua k\u00e4ytett\u00e4ess\u00e4.<\/p><p>Tietojen k\u00e4sittelyn teknisen toteuttamisen vuoksi osa tiedoista voi sijaita SPINNROCKin alihankkijoilla.<\/p><p><strong>Rekisterin tietoryhmist\u00e4 <br \/><\/strong>Palvelussa k\u00e4sitell\u00e4\u00e4n k\u00e4ytt\u00e4j\u00e4n yhteystietoja sek\u00e4 muita k\u00e4ytt\u00e4j\u00e4n itsens\u00e4 antamia tietoja henkil\u00f6tietolain sallimissa rajoissa.<\/p><p><strong>S\u00e4\u00e4nn\u00f6nmukaiset tietojen luovutukset<br \/><\/strong>SPINNROCK ei luovuta asiakasrekisterin tietoja ulkopuolisille kolmansille tahoille. SPINNROCK voi kuitenkin luovuttaa asiakastietoja viranomaisille voimassa olevan lains\u00e4\u00e4d\u00e4nn\u00f6n sallimissa ja velvoittamissa rajoissa.<\/p><p><strong>Tietojen siirto EU:n tai Euroopan talousalueen ulkopuolelle<br \/><\/strong>Tietoja ei luovuteta EU:n tai Euroopan talousalueen ulkopuolelle.<\/p><p><strong>Tietojen s\u00e4ilytysaika<br \/><\/strong>Henkil\u00f6tiedot s\u00e4ilytet\u00e4\u00e4n niin kauan, kun niit\u00e4 tarvitaan asiakkaan kanssa teht\u00e4v\u00e4n sopimuksen t\u00e4yt\u00e4nt\u00f6\u00f6npanemiseksi tai asiakaspalvelun kehitt\u00e4miseksi.<\/p><p><strong>Ev\u00e4steiden k\u00e4ytt\u00f6<br \/><\/strong>SPINNROCK k\u00e4ytt\u00e4\u00e4 nettisivuilla ev\u00e4steit\u00e4 (ns. cookie), joiden avulla seurataan k\u00e4vij\u00e4liikennett\u00e4 ja parannetaan palvelun laatua.<\/p><p><strong>Rekisterin suojauksen periaatteet<br \/><\/strong>Asiakasrekisteri\u00e4 k\u00e4sitell\u00e4\u00e4n luottamuksellisesti. Rekisteri\u00e4 k\u00e4ytt\u00e4v\u00e4t ainoastaan henkil\u00f6t, joiden toimenkuvaan sen k\u00e4ytt\u00f6 kuuluu. S\u00e4hk\u00f6isess\u00e4 muodossa oleva aineisto ker\u00e4t\u00e4\u00e4n palvelun yhteisiin tietokantoihin, jotka ovat suojattu henkil\u00f6kohtaisilla k\u00e4ytt\u00e4j\u00e4tunnuksilla, salasanoilla ja palomuurein. Rekisteri\u00e4 ei s\u00e4ilytet\u00e4 paperitulosteena. K\u00e4ytt\u00e4ji\u00e4 sitoo vaitiolovelvollisuus.<\/p><p><strong>Tietojen p\u00e4ivitt\u00e4minen<br \/><\/strong>Asiakas voi p\u00e4ivitt\u00e4\u00e4 tietojaan ottamalla yhteyden rekisterin yhteyshenkil\u00f6\u00f6n.<\/p><p><strong>Tietojen poistaminen <br \/><\/strong>Tietoja voidaan poistaa asiakkaan vaatimuksesta tai asiakassuhteen loppumisen vuoksi.<\/p>\t\t\t\t\t\t<\/div>\n\t\t\t\t<\/div>\n\t\t\t\t\t<\/div>\n\t\t<\/div>\n\t\t\t\t\t\t\t<\/div>\n\t\t<\/section>\n\t\t\t\t<section class=\"elementor-section elementor-top-section elementor-element elementor-element-bfde3a6 elementor-section-boxed elementor-section-height-default elementor-section-height-default\" data-id=\"bfde3a6\" data-element_type=\"section\">\n\t\t\t\t\t\t<div class=\"elementor-container elementor-column-gap-default\">\n\t\t\t\t\t<div class=\"elementor-column elementor-col-100 elementor-top-column elementor-element elementor-element-35f1d8c\" data-id=\"35f1d8c\" data-element_type=\"column\">\n\t\t\t<div class=\"elementor-widget-wrap elementor-element-populated\">\n\t\t\t\t\t\t\t\t<div class=\"elementor-element elementor-element-7f03ffe elementor-widget elementor-widget-spacer\" data-id=\"7f03ffe\" data-element_type=\"widget\" data-widget_type=\"spacer.default\">\n\t\t\t\t<div class=\"elementor-widget-container\">\n\t\t\t\t\t<div class=\"elementor-spacer\">\n\t\t\t<div class=\"elementor-spacer-inner\"><\/div>\n\t\t<\/div>\n\t\t\t\t<\/div>\n\t\t\t\t<\/div>\n\t\t\t\t\t<\/div>\n\t\t<\/div>\n\t\t\t\t\t\t\t<\/div>\n\t\t<\/section>\n\t\t\t\t\t\t\t<\/div>\n\t\t","protected":false},"excerpt":{"rendered":"<p>T\u00e4m\u00e4 on EU:n yleisen tietosuoja-asetuksen (GDPR) mukainen rekisteri- ja tietosuojaseloste. Rekisterin nimi SPINNROCK-verkkosivujen asiakasrekisteri. Rekisterinpit\u00e4j\u00e4 SPINNROCK Kuusitie 14 A 39 00270 Helsinki Y-tunnus 3232009-2 Yhteyshenkil\u00f6 rekisteri\u00e4 koskevissa asioissa Sylvia V\u00e4\u00e4n\u00e4nen 050&nbsp;586 6418 sylvia.vaananen@spinnrock.fi Henkil\u00f6tietojen k\u00e4sittelyn tarkoitus Henkil\u00f6tietoja k\u00e4sitell\u00e4\u00e4n yhteydenottojen perusteella asiakkuussuhteiden yll\u00e4pitoon ja kehitt\u00e4miseen. Rekisterin tietosis\u00e4lt\u00f6 \u2013 Nimi \u2013 Puhelinnumero \u2013 S\u00e4hk\u00f6posti \u2013 Palvelun j\u00e4rjest\u00e4misen [&hellip;]<\/p>\n","protected":false},"author":1,"featured_media":0,"parent":0,"menu_order":0,"comment_status":"closed","ping_status":"closed","template":"","meta":[],"_links":{"self":[{"href":"https:\/\/www.spinnrock.fi\/index.php\/wp-json\/wp\/v2\/pages\/3573"}],"collection":[{"href":"https:\/\/www.spinnrock.fi\/index.php\/wp-json\/wp\/v2\/pages"}],"about":[{"href":"https:\/\/www.spinnrock.fi\/index.php\/wp-json\/wp\/v2\/types\/page"}],"author":[{"embeddable":true,"href":"https:\/\/www.spinnrock.fi\/index.php\/wp-json\/wp\/v2\/users\/1"}],"replies":[{"embeddable":true,"href":"https:\/\/www.spinnrock.fi\/index.php\/wp-json\/wp\/v2\/comments?post=3573"}],"version-history":[{"count":6,"href":"https:\/\/www.spinnrock.fi\/index.php\/wp-json\/wp\/v2\/pages\/3573\/revisions"}],"predecessor-version":[{"id":3581,"href":"https:\/\/www.spinnrock.fi\/index.php\/wp-json\/wp\/v2\/pages\/3573\/revisions\/3581"}],"wp:attachment":[{"href":"https:\/\/www.spinnrock.fi\/index.php\/wp-json\/wp\/v2\/media?parent=3573"}],"curies":[{"name":"wp","href":"https:\/\/api.w.org\/{rel}","templated":true}]}}